{"id":327575,"date":"2024-03-01T18:02:01","date_gmt":"2024-03-01T17:02:01","guid":{"rendered":"https:\/\/gajostest.a2hosted.com\/eshop\/pozon-dots-rukavice\/"},"modified":"2026-04-25T21:08:44","modified_gmt":"2026-04-25T19:08:44","slug":"pozon-dots-rukavice","status":"publish","type":"product","link":"https:\/\/gajos.sk\/eshop\/p\/pozon-dots-rukavice\/","title":{"rendered":"POZON DOTS rukavice"},"content":{"rendered":"","protected":false},"excerpt":{"rendered":"<p>bez\u0161v\u00edkov\u00e9 rukavice z nylonu a spandexu so \u0161peci\u00e1lnym penov\u00fdm nitrilov\u00fdm povrstven\u00edm zais\u0165uj\u00face rukavici dlh\u00fa \u017eivotnos\u0165; vynikaj\u00faci \u00fachop za sucha aj v olejnatom prostred\u00ed; mo\u017enos\u0165 ovl\u00e1da\u0165 dotykov\u00e9 obrazovky; priedu\u0161nos\u0165; pri v\u00fdrobe ni\u017e\u0161ia spotreba o 30 % menej energie a o 63 % menej emisi\u00ed CO2, ako pri v\u00fdrobe be\u017en\u00fdch bez\u0161v\u00edkov\u00fdch rukav\u00edc m\u00e1\u010dan\u00fdch v nitrile; vynikaj\u00faca ochrana vo\u010di oderu, v\u00fddr\u017e cez 19.500 cyklov; hustota \u00fapletu 15 GG; nitrilov\u00e9 ter\u010d\u00edky na dlani a prstoch na zlep\u0161enie \u00fachopu<\/p>\n","protected":false},"featured_media":327577,"template":"","meta":{"_acf_changed":false,"inline_featured_image":false},"product_brand":[],"product_cat":[2138,2137,2124],"product_tag":[1179],"class_list":{"0":"post-327575","1":"product","2":"type-product","3":"status-publish","4":"has-post-thumbnail","6":"product_cat-vrstvene-site-rukavice","7":"product_cat-macane-a-povrstvene","8":"product_cat-rukavice","9":"product_tag-cerva","10":"pa_velkost-3051","11":"pa_velkost-3052","12":"pa_velkost-3057","13":"pa_velkost-3058","14":"pa_velkost-3062","15":"pa_velkost-3050","17":"first","18":"instock","19":"taxable","20":"shipping-taxable","21":"purchasable","22":"product-type-variable"},"acf":[],"_links":{"self":[{"href":"https:\/\/gajos.sk\/eshop\/wp-json\/wp\/v2\/product\/327575","targetHints":{"allow":["GET"]}}],"collection":[{"href":"https:\/\/gajos.sk\/eshop\/wp-json\/wp\/v2\/product"}],"about":[{"href":"https:\/\/gajos.sk\/eshop\/wp-json\/wp\/v2\/types\/product"}],"wp:featuredmedia":[{"embeddable":true,"href":"https:\/\/gajos.sk\/eshop\/wp-json\/wp\/v2\/media\/327577"}],"wp:attachment":[{"href":"https:\/\/gajos.sk\/eshop\/wp-json\/wp\/v2\/media?parent=327575"}],"wp:term":[{"taxonomy":"product_brand","embeddable":true,"href":"https:\/\/gajos.sk\/eshop\/wp-json\/wp\/v2\/product_brand?post=327575"},{"taxonomy":"product_cat","embeddable":true,"href":"https:\/\/gajos.sk\/eshop\/wp-json\/wp\/v2\/product_cat?post=327575"},{"taxonomy":"product_tag","embeddable":true,"href":"https:\/\/gajos.sk\/eshop\/wp-json\/wp\/v2\/product_tag?post=327575"}],"curies":[{"name":"wp","href":"https:\/\/api.w.org\/{rel}","templated":true}]}}