{"id":327561,"date":"2024-03-01T18:01:57","date_gmt":"2024-03-01T17:01:57","guid":{"rendered":"https:\/\/gajostest.a2hosted.com\/eshop\/reyezuelo-rukavice\/"},"modified":"2026-04-25T21:08:44","modified_gmt":"2026-04-25T19:08:44","slug":"reyezuelo-rukavice","status":"publish","type":"product","link":"https:\/\/gajos.sk\/eshop\/p\/reyezuelo-rukavice\/","title":{"rendered":"REYEZUELO rukavice"},"content":{"rendered":"","protected":false},"excerpt":{"rendered":"<p>bez\u0161vov\u00e9 polyesterov\u00e9 rukavice s m\u00e1\u010dan\u00edm v mikropor\u00e9znom nitrile; vynikaj\u00faca ochrana vo\u010di oderu, v\u00fddr\u017e cez 15.000 cyklov; pevn\u00fd \u00fachop aj v mokrom a olejnatom prostred\u00ed; hustota \u00fapletu 13 GG<\/p>\n","protected":false},"featured_media":327563,"template":"","meta":{"_acf_changed":false,"inline_featured_image":false},"product_brand":[],"product_cat":[2138,2137,2124],"product_tag":[1179],"class_list":{"0":"post-327561","1":"product","2":"type-product","3":"status-publish","4":"has-post-thumbnail","6":"product_cat-vrstvene-site-rukavice","7":"product_cat-macane-a-povrstvene","8":"product_cat-rukavice","9":"product_tag-cerva","10":"pa_farba-hv-zlta","11":"pa_farba-cierna","12":"pa_velkost-3050","13":"pa_velkost-3051","14":"pa_velkost-3052","15":"pa_velkost-3057","16":"pa_velkost-3058","17":"pa_velkost-3062","19":"first","20":"instock","21":"taxable","22":"shipping-taxable","23":"purchasable","24":"product-type-variable"},"acf":[],"_links":{"self":[{"href":"https:\/\/gajos.sk\/eshop\/wp-json\/wp\/v2\/product\/327561","targetHints":{"allow":["GET"]}}],"collection":[{"href":"https:\/\/gajos.sk\/eshop\/wp-json\/wp\/v2\/product"}],"about":[{"href":"https:\/\/gajos.sk\/eshop\/wp-json\/wp\/v2\/types\/product"}],"wp:featuredmedia":[{"embeddable":true,"href":"https:\/\/gajos.sk\/eshop\/wp-json\/wp\/v2\/media\/327563"}],"wp:attachment":[{"href":"https:\/\/gajos.sk\/eshop\/wp-json\/wp\/v2\/media?parent=327561"}],"wp:term":[{"taxonomy":"product_brand","embeddable":true,"href":"https:\/\/gajos.sk\/eshop\/wp-json\/wp\/v2\/product_brand?post=327561"},{"taxonomy":"product_cat","embeddable":true,"href":"https:\/\/gajos.sk\/eshop\/wp-json\/wp\/v2\/product_cat?post=327561"},{"taxonomy":"product_tag","embeddable":true,"href":"https:\/\/gajos.sk\/eshop\/wp-json\/wp\/v2\/product_tag?post=327561"}],"curies":[{"name":"wp","href":"https:\/\/api.w.org\/{rel}","templated":true}]}}