{"id":327529,"date":"2024-03-01T18:01:51","date_gmt":"2024-03-01T17:01:51","guid":{"rendered":"https:\/\/gajostest.a2hosted.com\/eshop\/salangana-rukavice-blister\/"},"modified":"2026-04-25T21:08:44","modified_gmt":"2026-04-25T19:08:44","slug":"salangana-rukavice-blister","status":"publish","type":"product","link":"https:\/\/gajos.sk\/eshop\/p\/salangana-rukavice-blister\/","title":{"rendered":"SALANGANA rukavice blister"},"content":{"rendered":"","protected":false},"excerpt":{"rendered":"<p>beze\u0161v\u00e9 polyesterov\u00e9 rukavice s vynikaj\u00edc\u00edm \u00fachopem v such\u00e9m i v olejnat\u00e9m prost\u0159ed\u00ed; latexov\u00e9 povrstven\u00ed zaji\u0161\u0165uje odolnost v\u016f\u010di vod\u011b nebo oleji<\/p>\n","protected":false},"featured_media":327531,"template":"","meta":{"_acf_changed":false,"inline_featured_image":false},"product_brand":[],"product_cat":[2138,2137,2124],"product_tag":[1179],"class_list":{"0":"post-327529","1":"product","2":"type-product","3":"status-publish","4":"has-post-thumbnail","6":"product_cat-vrstvene-site-rukavice","7":"product_cat-macane-a-povrstvene","8":"product_cat-rukavice","9":"product_tag-cerva","10":"pa_farba-cervena","11":"pa_farba-ruzova","12":"pa_farba-oranzova","13":"pa_farba-zelena","14":"pa_farba-zlta","15":"pa_velkost-3062","16":"pa_velkost-3050","17":"pa_velkost-3051","18":"pa_velkost-3052","19":"pa_velkost-3057","20":"pa_velkost-3058","22":"first","23":"instock","24":"taxable","25":"shipping-taxable","26":"purchasable","27":"product-type-variable"},"acf":[],"_links":{"self":[{"href":"https:\/\/gajos.sk\/eshop\/wp-json\/wp\/v2\/product\/327529","targetHints":{"allow":["GET"]}}],"collection":[{"href":"https:\/\/gajos.sk\/eshop\/wp-json\/wp\/v2\/product"}],"about":[{"href":"https:\/\/gajos.sk\/eshop\/wp-json\/wp\/v2\/types\/product"}],"wp:featuredmedia":[{"embeddable":true,"href":"https:\/\/gajos.sk\/eshop\/wp-json\/wp\/v2\/media\/327531"}],"wp:attachment":[{"href":"https:\/\/gajos.sk\/eshop\/wp-json\/wp\/v2\/media?parent=327529"}],"wp:term":[{"taxonomy":"product_brand","embeddable":true,"href":"https:\/\/gajos.sk\/eshop\/wp-json\/wp\/v2\/product_brand?post=327529"},{"taxonomy":"product_cat","embeddable":true,"href":"https:\/\/gajos.sk\/eshop\/wp-json\/wp\/v2\/product_cat?post=327529"},{"taxonomy":"product_tag","embeddable":true,"href":"https:\/\/gajos.sk\/eshop\/wp-json\/wp\/v2\/product_tag?post=327529"}],"curies":[{"name":"wp","href":"https:\/\/api.w.org\/{rel}","templated":true}]}}