{"id":327489,"date":"2024-03-01T18:01:42","date_gmt":"2024-03-01T17:01:42","guid":{"rendered":"https:\/\/gajostest.a2hosted.com\/eshop\/tordina-rukavice\/"},"modified":"2026-04-25T21:08:44","modified_gmt":"2026-04-25T19:08:44","slug":"tordina-rukavice","status":"publish","type":"product","link":"https:\/\/gajos.sk\/eshop\/p\/tordina-rukavice\/","title":{"rendered":"TORDINA rukavice"},"content":{"rendered":"","protected":false},"excerpt":{"rendered":"<p>pleten\u00e9 bez\u0161vov\u00e9 polyesterov\u00e9 rukavice m\u00e1\u010dan\u00e9 v nitrile; jedine\u010dn\u00fd \u00fachop v suchom prostred\u00ed; hustota \u00fapletu 13 GG<\/p>\n","protected":false},"featured_media":327491,"template":"","meta":{"_acf_changed":false,"inline_featured_image":false},"product_brand":[],"product_cat":[2138,2137,2124],"product_tag":[1179],"class_list":{"0":"post-327489","1":"product","2":"type-product","3":"status-publish","4":"has-post-thumbnail","6":"product_cat-vrstvene-site-rukavice","7":"product_cat-macane-a-povrstvene","8":"product_cat-rukavice","9":"product_tag-cerva","10":"pa_farba-biela","11":"pa_velkost-3058","12":"pa_velkost-3062","13":"pa_velkost-3050","14":"pa_velkost-3051","15":"pa_velkost-3052","16":"pa_velkost-3057","18":"first","19":"instock","20":"taxable","21":"shipping-taxable","22":"purchasable","23":"product-type-variable"},"acf":[],"_links":{"self":[{"href":"https:\/\/gajos.sk\/eshop\/wp-json\/wp\/v2\/product\/327489","targetHints":{"allow":["GET"]}}],"collection":[{"href":"https:\/\/gajos.sk\/eshop\/wp-json\/wp\/v2\/product"}],"about":[{"href":"https:\/\/gajos.sk\/eshop\/wp-json\/wp\/v2\/types\/product"}],"wp:featuredmedia":[{"embeddable":true,"href":"https:\/\/gajos.sk\/eshop\/wp-json\/wp\/v2\/media\/327491"}],"wp:attachment":[{"href":"https:\/\/gajos.sk\/eshop\/wp-json\/wp\/v2\/media?parent=327489"}],"wp:term":[{"taxonomy":"product_brand","embeddable":true,"href":"https:\/\/gajos.sk\/eshop\/wp-json\/wp\/v2\/product_brand?post=327489"},{"taxonomy":"product_cat","embeddable":true,"href":"https:\/\/gajos.sk\/eshop\/wp-json\/wp\/v2\/product_cat?post=327489"},{"taxonomy":"product_tag","embeddable":true,"href":"https:\/\/gajos.sk\/eshop\/wp-json\/wp\/v2\/product_tag?post=327489"}],"curies":[{"name":"wp","href":"https:\/\/api.w.org\/{rel}","templated":true}]}}