{"id":327476,"date":"2024-03-01T18:01:39","date_gmt":"2024-03-01T17:01:39","guid":{"rendered":"https:\/\/gajostest.a2hosted.com\/eshop\/emberiza-vam-rukavice\/"},"modified":"2026-04-25T21:08:44","modified_gmt":"2026-04-25T19:08:44","slug":"emberiza-vam-rukavice","status":"publish","type":"product","link":"https:\/\/gajos.sk\/eshop\/p\/emberiza-vam-rukavice\/","title":{"rendered":"EMBERIZA VAM rukavice"},"content":{"rendered":"","protected":false},"excerpt":{"rendered":"<p>pleten\u00e9 bez\u0161vov\u00e9 polyesterov\u00e9 rukavice m\u00e1\u010dan\u00e9 v PU; priedu\u0161n\u00e9 s vynikaj\u00facim \u00fachopom v suchom prostred\u00ed; hustota \u00fapletu 13 GG<\/p>\n","protected":false},"featured_media":327458,"template":"","meta":{"_acf_changed":false,"inline_featured_image":false},"product_brand":[],"product_cat":[2138,2137,2124],"product_tag":[1179],"class_list":{"0":"post-327476","1":"product","2":"type-product","3":"status-publish","4":"has-post-thumbnail","6":"product_cat-vrstvene-site-rukavice","7":"product_cat-macane-a-povrstvene","8":"product_cat-rukavice","9":"product_tag-cerva","10":"pa_farba-cierna","11":"pa_farba-biela","12":"pa_velkost-3052","13":"pa_velkost-3057","14":"pa_velkost-3058","15":"pa_velkost-3062","16":"pa_velkost-3050","17":"pa_velkost-3051","19":"first","20":"instock","21":"taxable","22":"shipping-taxable","23":"purchasable","24":"product-type-variable"},"acf":[],"_links":{"self":[{"href":"https:\/\/gajos.sk\/eshop\/wp-json\/wp\/v2\/product\/327476","targetHints":{"allow":["GET"]}}],"collection":[{"href":"https:\/\/gajos.sk\/eshop\/wp-json\/wp\/v2\/product"}],"about":[{"href":"https:\/\/gajos.sk\/eshop\/wp-json\/wp\/v2\/types\/product"}],"wp:featuredmedia":[{"embeddable":true,"href":"https:\/\/gajos.sk\/eshop\/wp-json\/wp\/v2\/media\/327458"}],"wp:attachment":[{"href":"https:\/\/gajos.sk\/eshop\/wp-json\/wp\/v2\/media?parent=327476"}],"wp:term":[{"taxonomy":"product_brand","embeddable":true,"href":"https:\/\/gajos.sk\/eshop\/wp-json\/wp\/v2\/product_brand?post=327476"},{"taxonomy":"product_cat","embeddable":true,"href":"https:\/\/gajos.sk\/eshop\/wp-json\/wp\/v2\/product_cat?post=327476"},{"taxonomy":"product_tag","embeddable":true,"href":"https:\/\/gajos.sk\/eshop\/wp-json\/wp\/v2\/product_tag?post=327476"}],"curies":[{"name":"wp","href":"https:\/\/api.w.org\/{rel}","templated":true}]}}