{"id":327435,"date":"2024-03-01T18:01:28","date_gmt":"2024-03-01T17:01:28","guid":{"rendered":"https:\/\/gajostest.a2hosted.com\/eshop\/sereta-rukavice\/"},"modified":"2026-04-25T21:08:44","modified_gmt":"2026-04-25T19:08:44","slug":"sereta-rukavice","status":"publish","type":"product","link":"https:\/\/gajos.sk\/eshop\/p\/sereta-rukavice\/","title":{"rendered":"SERETA rukavice"},"content":{"rendered":"","protected":false},"excerpt":{"rendered":"<p>mo\u017enos\u0165 ovl\u00e1da\u0165 dotykov\u00e9 obrazovky; pocit \u201edruhej ko\u017ee\u201c; tenk\u00e9 priedu\u0161n\u00e9 nylonov\u00e9 rukavice m\u00e1\u010dan\u00e9 v PU; hustota \u00fapletu 18 GG<\/p>\n","protected":false},"featured_media":327437,"template":"","meta":{"_acf_changed":false,"inline_featured_image":false},"product_brand":[],"product_cat":[2138,2137,2124],"product_tag":[1179],"class_list":{"0":"post-327435","1":"product","2":"type-product","3":"status-publish","4":"has-post-thumbnail","6":"product_cat-vrstvene-site-rukavice","7":"product_cat-macane-a-povrstvene","8":"product_cat-rukavice","9":"product_tag-cerva","10":"pa_farba-hv-zlta","11":"pa_farba-cierna","12":"pa_velkost-3058","13":"pa_velkost-3062","14":"pa_velkost-3050","15":"pa_velkost-3051","16":"pa_velkost-3052","17":"pa_velkost-3057","19":"first","20":"instock","21":"taxable","22":"shipping-taxable","23":"purchasable","24":"product-type-variable"},"acf":[],"_links":{"self":[{"href":"https:\/\/gajos.sk\/eshop\/wp-json\/wp\/v2\/product\/327435","targetHints":{"allow":["GET"]}}],"collection":[{"href":"https:\/\/gajos.sk\/eshop\/wp-json\/wp\/v2\/product"}],"about":[{"href":"https:\/\/gajos.sk\/eshop\/wp-json\/wp\/v2\/types\/product"}],"wp:featuredmedia":[{"embeddable":true,"href":"https:\/\/gajos.sk\/eshop\/wp-json\/wp\/v2\/media\/327437"}],"wp:attachment":[{"href":"https:\/\/gajos.sk\/eshop\/wp-json\/wp\/v2\/media?parent=327435"}],"wp:term":[{"taxonomy":"product_brand","embeddable":true,"href":"https:\/\/gajos.sk\/eshop\/wp-json\/wp\/v2\/product_brand?post=327435"},{"taxonomy":"product_cat","embeddable":true,"href":"https:\/\/gajos.sk\/eshop\/wp-json\/wp\/v2\/product_cat?post=327435"},{"taxonomy":"product_tag","embeddable":true,"href":"https:\/\/gajos.sk\/eshop\/wp-json\/wp\/v2\/product_tag?post=327435"}],"curies":[{"name":"wp","href":"https:\/\/api.w.org\/{rel}","templated":true}]}}