{"id":327427,"date":"2024-03-01T18:01:25","date_gmt":"2024-03-01T17:01:25","guid":{"rendered":"https:\/\/gajostest.a2hosted.com\/eshop\/pozon-rukavice\/"},"modified":"2026-04-25T21:08:44","modified_gmt":"2026-04-25T19:08:44","slug":"pozon-rukavice","status":"publish","type":"product","link":"https:\/\/gajos.sk\/eshop\/p\/pozon-rukavice\/","title":{"rendered":"POZON rukavice"},"content":{"rendered":"","protected":false},"excerpt":{"rendered":"<p>bez\u0161vov\u00e9 nylonov\u00e9 a spandexov\u00e9 rukavice so \u0161peci\u00e1lnym penov\u00fdm nitrilov\u00fdm povlakom pre dlh\u00fa \u017eivotnos\u0165; vynikaj\u00faca pri\u013enavos\u0165 na suchom povrchu a v mastnom prostred\u00ed; mo\u017enos\u0165 ovl\u00e1dania dotykov\u00fdch obrazoviek; priepustnos\u0165; ni\u017e\u0161ia v\u00fdrobn\u00e1 spotreba, o 30 % menej energie a o 63 % menej emisi\u00ed CO2 ako be\u017en\u00e9 bez\u0161vov\u00e9 nitrilov\u00e9 rukavice; vynikaj\u00faca ochrana proti oderu, viac ako 19 500 cyklov; hustota \u00fapletu 15 GG<\/p>\n","protected":false},"featured_media":327429,"template":"","meta":{"_acf_changed":false,"inline_featured_image":false},"product_brand":[],"product_cat":[2138,2137,2124],"product_tag":[1179],"class_list":{"0":"post-327427","1":"product","2":"type-product","3":"status-publish","4":"has-post-thumbnail","6":"product_cat-vrstvene-site-rukavice","7":"product_cat-macane-a-povrstvene","8":"product_cat-rukavice","9":"product_tag-cerva","10":"pa_velkost-3058","11":"pa_velkost-3062","12":"pa_velkost-3050","13":"pa_velkost-3051","14":"pa_velkost-3052","15":"pa_velkost-3057","17":"first","18":"instock","19":"taxable","20":"shipping-taxable","21":"purchasable","22":"product-type-variable"},"acf":[],"_links":{"self":[{"href":"https:\/\/gajos.sk\/eshop\/wp-json\/wp\/v2\/product\/327427","targetHints":{"allow":["GET"]}}],"collection":[{"href":"https:\/\/gajos.sk\/eshop\/wp-json\/wp\/v2\/product"}],"about":[{"href":"https:\/\/gajos.sk\/eshop\/wp-json\/wp\/v2\/types\/product"}],"wp:featuredmedia":[{"embeddable":true,"href":"https:\/\/gajos.sk\/eshop\/wp-json\/wp\/v2\/media\/327429"}],"wp:attachment":[{"href":"https:\/\/gajos.sk\/eshop\/wp-json\/wp\/v2\/media?parent=327427"}],"wp:term":[{"taxonomy":"product_brand","embeddable":true,"href":"https:\/\/gajos.sk\/eshop\/wp-json\/wp\/v2\/product_brand?post=327427"},{"taxonomy":"product_cat","embeddable":true,"href":"https:\/\/gajos.sk\/eshop\/wp-json\/wp\/v2\/product_cat?post=327427"},{"taxonomy":"product_tag","embeddable":true,"href":"https:\/\/gajos.sk\/eshop\/wp-json\/wp\/v2\/product_tag?post=327427"}],"curies":[{"name":"wp","href":"https:\/\/api.w.org\/{rel}","templated":true}]}}