{"id":327392,"date":"2024-03-01T18:01:08","date_gmt":"2024-03-01T17:01:08","guid":{"rendered":"https:\/\/gajostest.a2hosted.com\/eshop\/tb-700g-touch-rukavice\/"},"modified":"2026-04-25T21:08:44","modified_gmt":"2026-04-25T19:08:44","slug":"tb-700g-touch-rukavice","status":"publish","type":"product","link":"https:\/\/gajos.sk\/eshop\/p\/tb-700g-touch-rukavice\/","title":{"rendered":"TB 700G TOUCH rukavice"},"content":{"rendered":"","protected":false},"excerpt":{"rendered":"<p>biele bez\u0161vov\u00e9 nylonov\u00e9 rukavice m\u00e1\u010dan\u00e9 v \u0161edom nitrile na dlani a prstoch; neobsahuj\u00fa silik\u00f3n; pleten\u00e1 man\u017eeta; hustota \u00fapletu 13 GG<\/p>\n","protected":false},"featured_media":327394,"template":"","meta":{"_acf_changed":false,"inline_featured_image":false},"product_brand":[],"product_cat":[2138,2137,2124],"product_tag":[1253],"class_list":{"0":"post-327392","1":"product","2":"type-product","3":"status-publish","4":"has-post-thumbnail","6":"product_cat-vrstvene-site-rukavice","7":"product_cat-macane-a-povrstvene","8":"product_cat-rukavice","9":"product_tag-tomas-bodero","10":"pa_velkost-3052","11":"pa_velkost-3057","12":"pa_velkost-3058","13":"pa_velkost-3051","15":"first","16":"instock","17":"taxable","18":"shipping-taxable","19":"product-type-variable"},"acf":[],"_links":{"self":[{"href":"https:\/\/gajos.sk\/eshop\/wp-json\/wp\/v2\/product\/327392","targetHints":{"allow":["GET"]}}],"collection":[{"href":"https:\/\/gajos.sk\/eshop\/wp-json\/wp\/v2\/product"}],"about":[{"href":"https:\/\/gajos.sk\/eshop\/wp-json\/wp\/v2\/types\/product"}],"wp:featuredmedia":[{"embeddable":true,"href":"https:\/\/gajos.sk\/eshop\/wp-json\/wp\/v2\/media\/327394"}],"wp:attachment":[{"href":"https:\/\/gajos.sk\/eshop\/wp-json\/wp\/v2\/media?parent=327392"}],"wp:term":[{"taxonomy":"product_brand","embeddable":true,"href":"https:\/\/gajos.sk\/eshop\/wp-json\/wp\/v2\/product_brand?post=327392"},{"taxonomy":"product_cat","embeddable":true,"href":"https:\/\/gajos.sk\/eshop\/wp-json\/wp\/v2\/product_cat?post=327392"},{"taxonomy":"product_tag","embeddable":true,"href":"https:\/\/gajos.sk\/eshop\/wp-json\/wp\/v2\/product_tag?post=327392"}],"curies":[{"name":"wp","href":"https:\/\/api.w.org\/{rel}","templated":true}]}}