{"id":327385,"date":"2024-03-01T18:01:05","date_gmt":"2024-03-01T17:01:05","guid":{"rendered":"https:\/\/gajostest.a2hosted.com\/eshop\/tb-500-uretan-rukavice\/"},"modified":"2026-04-25T21:07:03","modified_gmt":"2026-04-25T19:07:03","slug":"tb-500-uretan-rukavice","status":"publish","type":"product","link":"https:\/\/gajos.sk\/eshop\/p\/tb-500-uretan-rukavice\/","title":{"rendered":"TB 500 URETAN rukavice"},"content":{"rendered":"","protected":false},"excerpt":{"rendered":"<p>biela bez\u0161vov\u00e1 nylonov\u00e1 rukavice m\u00e1\u010dan\u00e1 v PU na dlani a prstoch; \u0161peci\u00e1lny PU m\u00e1\u010dan\u00fd, na ktorom sa nedr\u017eia n\u00e1lepky (ide\u00e1lne napr\u00edklad do skladov); pleten\u00e1 man\u017eeta; hustota \u00fapletu 13 GG<\/p>\n","protected":false},"featured_media":327387,"template":"","meta":{"_acf_changed":false,"inline_featured_image":false},"product_brand":[],"product_cat":[2138,2137,2124],"product_tag":[1253],"class_list":{"0":"post-327385","1":"product","2":"type-product","3":"status-publish","4":"has-post-thumbnail","6":"product_cat-vrstvene-site-rukavice","7":"product_cat-macane-a-povrstvene","8":"product_cat-rukavice","9":"product_tag-tomas-bodero","10":"pa_velkost-3051","11":"pa_velkost-3052","12":"pa_velkost-3057","13":"pa_velkost-3058","14":"pa_velkost-3062","16":"first","17":"instock","18":"taxable","19":"shipping-taxable","20":"purchasable","21":"product-type-variable"},"acf":[],"_links":{"self":[{"href":"https:\/\/gajos.sk\/eshop\/wp-json\/wp\/v2\/product\/327385","targetHints":{"allow":["GET"]}}],"collection":[{"href":"https:\/\/gajos.sk\/eshop\/wp-json\/wp\/v2\/product"}],"about":[{"href":"https:\/\/gajos.sk\/eshop\/wp-json\/wp\/v2\/types\/product"}],"wp:featuredmedia":[{"embeddable":true,"href":"https:\/\/gajos.sk\/eshop\/wp-json\/wp\/v2\/media\/327387"}],"wp:attachment":[{"href":"https:\/\/gajos.sk\/eshop\/wp-json\/wp\/v2\/media?parent=327385"}],"wp:term":[{"taxonomy":"product_brand","embeddable":true,"href":"https:\/\/gajos.sk\/eshop\/wp-json\/wp\/v2\/product_brand?post=327385"},{"taxonomy":"product_cat","embeddable":true,"href":"https:\/\/gajos.sk\/eshop\/wp-json\/wp\/v2\/product_cat?post=327385"},{"taxonomy":"product_tag","embeddable":true,"href":"https:\/\/gajos.sk\/eshop\/wp-json\/wp\/v2\/product_tag?post=327385"}],"curies":[{"name":"wp","href":"https:\/\/api.w.org\/{rel}","templated":true}]}}