{"id":327355,"date":"2024-03-01T17:59:51","date_gmt":"2024-03-01T16:59:51","guid":{"rendered":"https:\/\/gajostest.a2hosted.com\/eshop\/carpintero-rukavice\/"},"modified":"2026-04-25T21:06:03","modified_gmt":"2026-04-25T19:06:03","slug":"carpintero-rukavice","status":"publish","type":"product","link":"https:\/\/gajos.sk\/eshop\/p\/carpintero-rukavice\/","title":{"rendered":"CARPINTERO rukavice"},"content":{"rendered":"","protected":false},"excerpt":{"rendered":"<p>\u201ePleten\u00e9 bez\u0161v\u00edkov\u00e9 antistatick\u00e9 polyesterov\u00e9 rukavice s integrovan\u00fdm uhl\u00edkov\u00fdm vl\u00e1knom, vrstvou polyuret\u00e1nu v dlani a na prstoch a pru\u017enou man\u017eetou. Hustota \u00fapletu 15 GG<\/p>\n","protected":false},"featured_media":327357,"template":"","meta":{"_acf_changed":false,"inline_featured_image":false},"product_brand":[],"product_cat":[2138,2137,2124],"product_tag":[1179],"class_list":{"0":"post-327355","1":"product","2":"type-product","3":"status-publish","4":"has-post-thumbnail","6":"product_cat-vrstvene-site-rukavice","7":"product_cat-macane-a-povrstvene","8":"product_cat-rukavice","9":"product_tag-cerva","10":"pa_velkost-3052","11":"pa_velkost-3057","12":"pa_velkost-3058","13":"pa_velkost-3062","14":"pa_velkost-3050","15":"pa_velkost-3051","17":"first","18":"instock","19":"taxable","20":"shipping-taxable","21":"purchasable","22":"product-type-variable"},"acf":[],"_links":{"self":[{"href":"https:\/\/gajos.sk\/eshop\/wp-json\/wp\/v2\/product\/327355","targetHints":{"allow":["GET"]}}],"collection":[{"href":"https:\/\/gajos.sk\/eshop\/wp-json\/wp\/v2\/product"}],"about":[{"href":"https:\/\/gajos.sk\/eshop\/wp-json\/wp\/v2\/types\/product"}],"wp:featuredmedia":[{"embeddable":true,"href":"https:\/\/gajos.sk\/eshop\/wp-json\/wp\/v2\/media\/327357"}],"wp:attachment":[{"href":"https:\/\/gajos.sk\/eshop\/wp-json\/wp\/v2\/media?parent=327355"}],"wp:term":[{"taxonomy":"product_brand","embeddable":true,"href":"https:\/\/gajos.sk\/eshop\/wp-json\/wp\/v2\/product_brand?post=327355"},{"taxonomy":"product_cat","embeddable":true,"href":"https:\/\/gajos.sk\/eshop\/wp-json\/wp\/v2\/product_cat?post=327355"},{"taxonomy":"product_tag","embeddable":true,"href":"https:\/\/gajos.sk\/eshop\/wp-json\/wp\/v2\/product_tag?post=327355"}],"curies":[{"name":"wp","href":"https:\/\/api.w.org\/{rel}","templated":true}]}}