{"id":327340,"date":"2024-03-01T17:59:46","date_gmt":"2024-03-01T16:59:46","guid":{"rendered":"https:\/\/gajostest.a2hosted.com\/eshop\/tb-700cool-nitrilove-rukavice\/"},"modified":"2026-04-25T21:06:03","modified_gmt":"2026-04-25T19:06:03","slug":"tb-700cool-nitrilove-rukavice","status":"publish","type":"product","link":"https:\/\/gajos.sk\/eshop\/p\/tb-700cool-nitrilove-rukavice\/","title":{"rendered":"TB 700COOL nitrilov\u00e9 rukavice"},"content":{"rendered":"","protected":false},"excerpt":{"rendered":"<p>Nitrilov\u00e1 p\u011bna umo\u017e\u0148uje ventilaci a poskytuje lep\u0161\u00ed p\u0159ilnavost p\u0159i kontaktu s kapalinami.<br \/>\nOdoln\u00e9 v\u016f\u010di olej\u016fm a maziv\u016fm.<br \/>\nNylonov\u00e1 je velmi odoln\u00e1 proti od\u011bru.<br \/>\nBeze\u0161v\u00fd \u00faplet poskytuje ergonomii a zabra\u0148uje \u00fanav\u011b.<\/p>\n","protected":false},"featured_media":327342,"template":"","meta":{"_acf_changed":false,"inline_featured_image":false},"product_brand":[],"product_cat":[2138,2137,2124],"product_tag":[1253],"class_list":{"0":"post-327340","1":"product","2":"type-product","3":"status-publish","4":"has-post-thumbnail","6":"product_cat-vrstvene-site-rukavice","7":"product_cat-macane-a-povrstvene","8":"product_cat-rukavice","9":"product_tag-tomas-bodero","10":"pa_velkost-3051","11":"pa_velkost-3052","12":"pa_velkost-3057","13":"pa_velkost-3058","14":"pa_velkost-3062","16":"first","17":"instock","18":"taxable","19":"shipping-taxable","20":"purchasable","21":"product-type-variable"},"acf":[],"_links":{"self":[{"href":"https:\/\/gajos.sk\/eshop\/wp-json\/wp\/v2\/product\/327340","targetHints":{"allow":["GET"]}}],"collection":[{"href":"https:\/\/gajos.sk\/eshop\/wp-json\/wp\/v2\/product"}],"about":[{"href":"https:\/\/gajos.sk\/eshop\/wp-json\/wp\/v2\/types\/product"}],"wp:featuredmedia":[{"embeddable":true,"href":"https:\/\/gajos.sk\/eshop\/wp-json\/wp\/v2\/media\/327342"}],"wp:attachment":[{"href":"https:\/\/gajos.sk\/eshop\/wp-json\/wp\/v2\/media?parent=327340"}],"wp:term":[{"taxonomy":"product_brand","embeddable":true,"href":"https:\/\/gajos.sk\/eshop\/wp-json\/wp\/v2\/product_brand?post=327340"},{"taxonomy":"product_cat","embeddable":true,"href":"https:\/\/gajos.sk\/eshop\/wp-json\/wp\/v2\/product_cat?post=327340"},{"taxonomy":"product_tag","embeddable":true,"href":"https:\/\/gajos.sk\/eshop\/wp-json\/wp\/v2\/product_tag?post=327340"}],"curies":[{"name":"wp","href":"https:\/\/api.w.org\/{rel}","templated":true}]}}