{"id":327298,"date":"2024-03-01T17:59:26","date_gmt":"2024-03-01T16:59:26","guid":{"rendered":"https:\/\/gajostest.a2hosted.com\/eshop\/alm-sw-88-pro-rukavice-nylon-latex\/"},"modified":"2026-04-15T21:04:47","modified_gmt":"2026-04-15T19:04:47","slug":"alm-sw-88-pro-rukavice-nylon-latex","status":"publish","type":"product","link":"https:\/\/gajos.sk\/eshop\/p\/alm-sw-88-pro-rukavice-nylon-latex\/","title":{"rendered":"ALM SW 88 PRO rukavice nylon\/latex"},"content":{"rendered":"","protected":false},"excerpt":{"rendered":"<p>Vynikaj\u00edc\u00ed p\u0159ilnavost pro pr\u00e1ci za mokra i za sucha<\/p>\n","protected":false},"featured_media":327300,"template":"","meta":{"_acf_changed":false,"inline_featured_image":false},"product_brand":[],"product_cat":[2138,2137,2124],"product_tag":[1274],"class_list":{"0":"post-327298","1":"product","2":"type-product","3":"status-publish","4":"has-post-thumbnail","6":"product_cat-vrstvene-site-rukavice","7":"product_cat-macane-a-povrstvene","8":"product_cat-rukavice","9":"product_tag-safeworker","10":"pa_velkost-3052","11":"pa_velkost-3051","13":"first","14":"instock","15":"taxable","16":"shipping-taxable","17":"product-type-variable"},"acf":[],"_links":{"self":[{"href":"https:\/\/gajos.sk\/eshop\/wp-json\/wp\/v2\/product\/327298","targetHints":{"allow":["GET"]}}],"collection":[{"href":"https:\/\/gajos.sk\/eshop\/wp-json\/wp\/v2\/product"}],"about":[{"href":"https:\/\/gajos.sk\/eshop\/wp-json\/wp\/v2\/types\/product"}],"wp:featuredmedia":[{"embeddable":true,"href":"https:\/\/gajos.sk\/eshop\/wp-json\/wp\/v2\/media\/327300"}],"wp:attachment":[{"href":"https:\/\/gajos.sk\/eshop\/wp-json\/wp\/v2\/media?parent=327298"}],"wp:term":[{"taxonomy":"product_brand","embeddable":true,"href":"https:\/\/gajos.sk\/eshop\/wp-json\/wp\/v2\/product_brand?post=327298"},{"taxonomy":"product_cat","embeddable":true,"href":"https:\/\/gajos.sk\/eshop\/wp-json\/wp\/v2\/product_cat?post=327298"},{"taxonomy":"product_tag","embeddable":true,"href":"https:\/\/gajos.sk\/eshop\/wp-json\/wp\/v2\/product_tag?post=327298"}],"curies":[{"name":"wp","href":"https:\/\/api.w.org\/{rel}","templated":true}]}}