{"id":327294,"date":"2024-03-01T17:59:26","date_gmt":"2024-03-01T16:59:26","guid":{"rendered":"https:\/\/gajostest.a2hosted.com\/eshop\/worm-sw-17-blistr-rukav-acryl-latex\/"},"modified":"2026-05-01T17:04:05","modified_gmt":"2026-05-01T15:04:05","slug":"worm-sw-17-blistr-rukav-acryl-latex","status":"publish","type":"product","link":"https:\/\/gajos.sk\/eshop\/p\/worm-sw-17-blistr-rukav-acryl-latex\/","title":{"rendered":"WORM SW 17 blistr rukav.acryl\/latex"},"content":{"rendered":"","protected":false},"excerpt":{"rendered":"<p>Speci\u00e1ln\u011b kart\u00e1\u010dovan\u00e1 akrylov\u00e1 p\u0159\u00edze udr\u017euje ruce v teple, bavlna nab\u00edz\u00ed extra pohodl\u00ed a polyester nab\u00edz\u00ed extra pevnost, latex je nejflexibiln\u011bj\u0161\u00ed povlak v chladn\u00e9m prost\u0159ed\u00ed, velmi vysok\u00e1 odolnost proti roztr\u017een\u00ed<\/p>\n","protected":false},"featured_media":327296,"template":"","meta":{"_acf_changed":false,"inline_featured_image":false},"product_brand":[],"product_cat":[2175],"product_tag":[1274],"class_list":{"0":"post-327294","1":"product","2":"type-product","3":"status-publish","4":"has-post-thumbnail","6":"product_cat-produkty","7":"product_tag-safeworker","8":"pa_velkost-3051","9":"pa_velkost-3052","11":"first","12":"instock","13":"taxable","14":"shipping-taxable","15":"purchasable","16":"product-type-variable"},"acf":[],"_links":{"self":[{"href":"https:\/\/gajos.sk\/eshop\/wp-json\/wp\/v2\/product\/327294","targetHints":{"allow":["GET"]}}],"collection":[{"href":"https:\/\/gajos.sk\/eshop\/wp-json\/wp\/v2\/product"}],"about":[{"href":"https:\/\/gajos.sk\/eshop\/wp-json\/wp\/v2\/types\/product"}],"wp:featuredmedia":[{"embeddable":true,"href":"https:\/\/gajos.sk\/eshop\/wp-json\/wp\/v2\/media\/327296"}],"wp:attachment":[{"href":"https:\/\/gajos.sk\/eshop\/wp-json\/wp\/v2\/media?parent=327294"}],"wp:term":[{"taxonomy":"product_brand","embeddable":true,"href":"https:\/\/gajos.sk\/eshop\/wp-json\/wp\/v2\/product_brand?post=327294"},{"taxonomy":"product_cat","embeddable":true,"href":"https:\/\/gajos.sk\/eshop\/wp-json\/wp\/v2\/product_cat?post=327294"},{"taxonomy":"product_tag","embeddable":true,"href":"https:\/\/gajos.sk\/eshop\/wp-json\/wp\/v2\/product_tag?post=327294"}],"curies":[{"name":"wp","href":"https:\/\/api.w.org\/{rel}","templated":true}]}}