{"id":327282,"date":"2024-03-01T17:59:21","date_gmt":"2024-03-01T16:59:21","guid":{"rendered":"https:\/\/gajostest.a2hosted.com\/eshop\/geul-sw-7194-pro-nylon-pu-rukavice\/"},"modified":"2026-04-15T21:04:47","modified_gmt":"2026-04-15T19:04:47","slug":"geul-sw-7194-pro-nylon-pu-rukavice","status":"publish","type":"product","link":"https:\/\/gajos.sk\/eshop\/p\/geul-sw-7194-pro-nylon-pu-rukavice\/","title":{"rendered":"GEUL SW 7194 PRO NYLON\/PU rukavice"},"content":{"rendered":"","protected":false},"excerpt":{"rendered":"<p>Extr\u00e9mn\u011b hladk\u00fd a m\u011bkk\u00fd, velmi vysok\u00e1 citlivost prst\u016f, nelep\u00ed se<\/p>\n","protected":false},"featured_media":327284,"template":"","meta":{"_acf_changed":false,"inline_featured_image":false},"product_brand":[],"product_cat":[2138,2137,2124],"product_tag":[1274],"class_list":{"0":"post-327282","1":"product","2":"type-product","3":"status-publish","4":"has-post-thumbnail","6":"product_cat-vrstvene-site-rukavice","7":"product_cat-macane-a-povrstvene","8":"product_cat-rukavice","9":"product_tag-safeworker","10":"pa_velkost-3051","11":"pa_velkost-3052","13":"first","14":"instock","15":"taxable","16":"shipping-taxable","17":"product-type-variable"},"acf":[],"_links":{"self":[{"href":"https:\/\/gajos.sk\/eshop\/wp-json\/wp\/v2\/product\/327282","targetHints":{"allow":["GET"]}}],"collection":[{"href":"https:\/\/gajos.sk\/eshop\/wp-json\/wp\/v2\/product"}],"about":[{"href":"https:\/\/gajos.sk\/eshop\/wp-json\/wp\/v2\/types\/product"}],"wp:featuredmedia":[{"embeddable":true,"href":"https:\/\/gajos.sk\/eshop\/wp-json\/wp\/v2\/media\/327284"}],"wp:attachment":[{"href":"https:\/\/gajos.sk\/eshop\/wp-json\/wp\/v2\/media?parent=327282"}],"wp:term":[{"taxonomy":"product_brand","embeddable":true,"href":"https:\/\/gajos.sk\/eshop\/wp-json\/wp\/v2\/product_brand?post=327282"},{"taxonomy":"product_cat","embeddable":true,"href":"https:\/\/gajos.sk\/eshop\/wp-json\/wp\/v2\/product_cat?post=327282"},{"taxonomy":"product_tag","embeddable":true,"href":"https:\/\/gajos.sk\/eshop\/wp-json\/wp\/v2\/product_tag?post=327282"}],"curies":[{"name":"wp","href":"https:\/\/api.w.org\/{rel}","templated":true}]}}