{"id":327261,"date":"2024-03-01T17:59:12","date_gmt":"2024-03-01T16:59:12","guid":{"rendered":"https:\/\/gajostest.a2hosted.com\/eshop\/ansell-11-542-hyflex\/"},"modified":"2026-04-24T21:06:26","modified_gmt":"2026-04-24T19:06:26","slug":"ansell-11-542-hyflex","status":"publish","type":"product","link":"https:\/\/gajos.sk\/eshop\/p\/ansell-11-542-hyflex\/","title":{"rendered":"Ansell 11-542 HyFlex"},"content":{"rendered":"","protected":false},"excerpt":{"rendered":"<p>Pleten\u00e9 bez\u0161vov\u00e9 rukavice vyroben\u00e9 z protirrezn\u00fdch vl\u00e1kien INTERCEPT\u2122 Technology. Nitrilov\u00e9 povrstvenie v dlani a na prstoch. Exkluz\u00edvny design maskuj\u00faci za\u0161pinenie. S\u00fa vhodn\u00e9 k preru\u0161ovanej manipul\u00e1cii s hor\u00facimi predmetmi a\u017e do 100 \u00b0C.<\/p>\n","protected":false},"featured_media":327263,"template":"","meta":{"_acf_changed":false,"inline_featured_image":false},"product_brand":[],"product_cat":[2138,2137,2124],"product_tag":[1219],"class_list":{"0":"post-327261","1":"product","2":"type-product","3":"status-publish","4":"has-post-thumbnail","6":"product_cat-vrstvene-site-rukavice","7":"product_cat-macane-a-povrstvene","8":"product_cat-rukavice","9":"product_tag-ansell","10":"pa_velkost-3052","11":"pa_velkost-3057","12":"pa_velkost-3058","13":"pa_velkost-3062","14":"pa_velkost-3050","15":"pa_velkost-3051","17":"first","18":"instock","19":"taxable","20":"shipping-taxable","21":"product-type-variable"},"acf":[],"_links":{"self":[{"href":"https:\/\/gajos.sk\/eshop\/wp-json\/wp\/v2\/product\/327261","targetHints":{"allow":["GET"]}}],"collection":[{"href":"https:\/\/gajos.sk\/eshop\/wp-json\/wp\/v2\/product"}],"about":[{"href":"https:\/\/gajos.sk\/eshop\/wp-json\/wp\/v2\/types\/product"}],"wp:featuredmedia":[{"embeddable":true,"href":"https:\/\/gajos.sk\/eshop\/wp-json\/wp\/v2\/media\/327263"}],"wp:attachment":[{"href":"https:\/\/gajos.sk\/eshop\/wp-json\/wp\/v2\/media?parent=327261"}],"wp:term":[{"taxonomy":"product_brand","embeddable":true,"href":"https:\/\/gajos.sk\/eshop\/wp-json\/wp\/v2\/product_brand?post=327261"},{"taxonomy":"product_cat","embeddable":true,"href":"https:\/\/gajos.sk\/eshop\/wp-json\/wp\/v2\/product_cat?post=327261"},{"taxonomy":"product_tag","embeddable":true,"href":"https:\/\/gajos.sk\/eshop\/wp-json\/wp\/v2\/product_tag?post=327261"}],"curies":[{"name":"wp","href":"https:\/\/api.w.org\/{rel}","templated":true}]}}