{"id":327255,"date":"2024-03-01T17:59:07","date_gmt":"2024-03-01T16:59:07","guid":{"rendered":"https:\/\/gajostest.a2hosted.com\/eshop\/tetrax-winter-rukavice-nylon-latex\/"},"modified":"2026-05-07T21:04:25","modified_gmt":"2026-05-07T19:04:25","slug":"tetrax-winter-rukavice-nylon-latex","status":"publish","type":"product","link":"https:\/\/gajos.sk\/eshop\/p\/tetrax-winter-rukavice-nylon-latex\/","title":{"rendered":"TETRAX WINTER rukavice nylon. latex."},"content":{"rendered":"","protected":false},"excerpt":{"rendered":"<p>Zateplen\u00e9 pleten\u00e9 bez\u0161vov\u00e9 nylonov\u00e9 rukavice, 2\u00d7 m\u00e1\u010dan\u00e9 v latexe, proti\u0161mykov\u00e1 \u00faprava v dlani a na prstoch, pru\u017en\u00fd n\u00e1plet na z\u00e1p\u00e4st\u00ed.<\/p>\n","protected":false},"featured_media":327257,"template":"","meta":{"_acf_changed":false,"inline_featured_image":false},"product_brand":[],"product_cat":[2175],"product_tag":[1179],"class_list":{"0":"post-327255","1":"product","2":"type-product","3":"status-publish","4":"has-post-thumbnail","6":"product_cat-produkty","7":"product_tag-cerva","8":"pa_farba-modra-cierna","9":"pa_velkost-3050","10":"pa_velkost-3051","11":"pa_velkost-3052","12":"pa_velkost-3057","14":"first","15":"instock","16":"taxable","17":"shipping-taxable","18":"purchasable","19":"product-type-variable"},"acf":[],"_links":{"self":[{"href":"https:\/\/gajos.sk\/eshop\/wp-json\/wp\/v2\/product\/327255","targetHints":{"allow":["GET"]}}],"collection":[{"href":"https:\/\/gajos.sk\/eshop\/wp-json\/wp\/v2\/product"}],"about":[{"href":"https:\/\/gajos.sk\/eshop\/wp-json\/wp\/v2\/types\/product"}],"wp:featuredmedia":[{"embeddable":true,"href":"https:\/\/gajos.sk\/eshop\/wp-json\/wp\/v2\/media\/327257"}],"wp:attachment":[{"href":"https:\/\/gajos.sk\/eshop\/wp-json\/wp\/v2\/media?parent=327255"}],"wp:term":[{"taxonomy":"product_brand","embeddable":true,"href":"https:\/\/gajos.sk\/eshop\/wp-json\/wp\/v2\/product_brand?post=327255"},{"taxonomy":"product_cat","embeddable":true,"href":"https:\/\/gajos.sk\/eshop\/wp-json\/wp\/v2\/product_cat?post=327255"},{"taxonomy":"product_tag","embeddable":true,"href":"https:\/\/gajos.sk\/eshop\/wp-json\/wp\/v2\/product_tag?post=327255"}],"curies":[{"name":"wp","href":"https:\/\/api.w.org\/{rel}","templated":true}]}}