{"id":327212,"date":"2024-03-01T17:57:49","date_gmt":"2024-03-01T16:57:49","guid":{"rendered":"https:\/\/gajostest.a2hosted.com\/eshop\/ansell-11-926-hyflex-rukavice\/"},"modified":"2026-04-24T21:06:26","modified_gmt":"2026-04-24T19:06:26","slug":"ansell-11-926-hyflex-rukavice","status":"publish","type":"product","link":"https:\/\/gajos.sk\/eshop\/p\/ansell-11-926-hyflex-rukavice\/","title":{"rendered":"Ansell 11-926 HyFlex rukavice"},"content":{"rendered":"","protected":false},"excerpt":{"rendered":"<p>Pleten\u00e9 rukavice z nylon-spandexu,18G \u00faplet, m\u00e1\u010dan\u00e9 3\/4 neopren-nitril. Pleten\u00e9 z\u00e1p\u00e4stie.<\/p>\n","protected":false},"featured_media":327214,"template":"","meta":{"_acf_changed":false,"inline_featured_image":false},"product_brand":[],"product_cat":[2138,2137,2124],"product_tag":[1219],"class_list":{"0":"post-327212","1":"product","2":"type-product","3":"status-publish","4":"has-post-thumbnail","6":"product_cat-vrstvene-site-rukavice","7":"product_cat-macane-a-povrstvene","8":"product_cat-rukavice","9":"product_tag-ansell","10":"pa_velkost-3057","11":"pa_velkost-3058","12":"pa_velkost-3062","13":"pa_velkost-3050","14":"pa_velkost-3051","15":"pa_velkost-3052","17":"first","18":"instock","19":"taxable","20":"shipping-taxable","21":"purchasable","22":"product-type-variable"},"acf":[],"_links":{"self":[{"href":"https:\/\/gajos.sk\/eshop\/wp-json\/wp\/v2\/product\/327212","targetHints":{"allow":["GET"]}}],"collection":[{"href":"https:\/\/gajos.sk\/eshop\/wp-json\/wp\/v2\/product"}],"about":[{"href":"https:\/\/gajos.sk\/eshop\/wp-json\/wp\/v2\/types\/product"}],"wp:featuredmedia":[{"embeddable":true,"href":"https:\/\/gajos.sk\/eshop\/wp-json\/wp\/v2\/media\/327214"}],"wp:attachment":[{"href":"https:\/\/gajos.sk\/eshop\/wp-json\/wp\/v2\/media?parent=327212"}],"wp:term":[{"taxonomy":"product_brand","embeddable":true,"href":"https:\/\/gajos.sk\/eshop\/wp-json\/wp\/v2\/product_brand?post=327212"},{"taxonomy":"product_cat","embeddable":true,"href":"https:\/\/gajos.sk\/eshop\/wp-json\/wp\/v2\/product_cat?post=327212"},{"taxonomy":"product_tag","embeddable":true,"href":"https:\/\/gajos.sk\/eshop\/wp-json\/wp\/v2\/product_tag?post=327212"}],"curies":[{"name":"wp","href":"https:\/\/api.w.org\/{rel}","templated":true}]}}