{"id":327204,"date":"2024-03-01T17:57:47","date_gmt":"2024-03-01T16:57:47","guid":{"rendered":"https:\/\/gajostest.a2hosted.com\/eshop\/tetrax-rukavice-nylon-latex\/"},"modified":"2026-04-25T21:06:03","modified_gmt":"2026-04-25T19:06:03","slug":"tetrax-rukavice-nylon-latex","status":"publish","type":"product","link":"https:\/\/gajos.sk\/eshop\/p\/tetrax-rukavice-nylon-latex\/","title":{"rendered":"TETRAX rukavice nylon. latex."},"content":{"rendered":"","protected":false},"excerpt":{"rendered":"<p>Pleten\u00e9 bez\u0161vov\u00e9 nylonov\u00e9 rukavice, 2x m\u00e1\u010dan\u00e9 v latexe, proti\u0161mykov\u00e1 \u00faprava v dlani a na prstoch, pru\u017en\u00fd n\u00e1plet na z\u00e1p\u00e4st\u00ed.<\/p>\n","protected":false},"featured_media":327206,"template":"","meta":{"_acf_changed":false,"inline_featured_image":false},"product_brand":[],"product_cat":[2138,2137,2124],"product_tag":[1179],"class_list":{"0":"post-327204","1":"product","2":"type-product","3":"status-publish","4":"has-post-thumbnail","6":"product_cat-vrstvene-site-rukavice","7":"product_cat-macane-a-povrstvene","8":"product_cat-rukavice","9":"product_tag-cerva","10":"pa_velkost-3050","11":"pa_velkost-3051","12":"pa_velkost-3052","13":"pa_velkost-3057","14":"pa_velkost-3058","15":"pa_velkost-3062","17":"first","18":"instock","19":"taxable","20":"shipping-taxable","21":"purchasable","22":"product-type-variable"},"acf":[],"_links":{"self":[{"href":"https:\/\/gajos.sk\/eshop\/wp-json\/wp\/v2\/product\/327204","targetHints":{"allow":["GET"]}}],"collection":[{"href":"https:\/\/gajos.sk\/eshop\/wp-json\/wp\/v2\/product"}],"about":[{"href":"https:\/\/gajos.sk\/eshop\/wp-json\/wp\/v2\/types\/product"}],"wp:featuredmedia":[{"embeddable":true,"href":"https:\/\/gajos.sk\/eshop\/wp-json\/wp\/v2\/media\/327206"}],"wp:attachment":[{"href":"https:\/\/gajos.sk\/eshop\/wp-json\/wp\/v2\/media?parent=327204"}],"wp:term":[{"taxonomy":"product_brand","embeddable":true,"href":"https:\/\/gajos.sk\/eshop\/wp-json\/wp\/v2\/product_brand?post=327204"},{"taxonomy":"product_cat","embeddable":true,"href":"https:\/\/gajos.sk\/eshop\/wp-json\/wp\/v2\/product_cat?post=327204"},{"taxonomy":"product_tag","embeddable":true,"href":"https:\/\/gajos.sk\/eshop\/wp-json\/wp\/v2\/product_tag?post=327204"}],"curies":[{"name":"wp","href":"https:\/\/api.w.org\/{rel}","templated":true}]}}