{"id":327180,"date":"2024-03-01T17:57:29","date_gmt":"2024-03-01T16:57:29","guid":{"rendered":"https:\/\/gajostest.a2hosted.com\/eshop\/turnstone-rukavice-macana-v-nitrilu\/"},"modified":"2026-04-25T21:06:03","modified_gmt":"2026-04-25T19:06:03","slug":"turnstone-rukavice-macana-v-nitrilu","status":"publish","type":"product","link":"https:\/\/gajos.sk\/eshop\/p\/turnstone-rukavice-macana-v-nitrilu\/","title":{"rendered":"TURNSTONE rukavice m\u00e1\u010dan\u00e1 v nitrilu"},"content":{"rendered":"","protected":false},"excerpt":{"rendered":"<p>Pleten\u00e9 bez\u0161vov\u00e9 polyesterov\u00e9 rukavice so \u0161peci\u00e1lnym proti\u0161mykov\u00fdm nitrilov\u00fdm povrstven\u00edm v dlani a na prstoch a pru\u017en\u00fdm n\u00e1pletom.<\/p>\n","protected":false},"featured_media":327182,"template":"","meta":{"_acf_changed":false,"inline_featured_image":false},"product_brand":[],"product_cat":[2138,2137,2124],"product_tag":[1179],"class_list":{"0":"post-327180","1":"product","2":"type-product","3":"status-publish","4":"has-post-thumbnail","6":"product_cat-vrstvene-site-rukavice","7":"product_cat-macane-a-povrstvene","8":"product_cat-rukavice","9":"product_tag-cerva","10":"pa_velkost-3052","11":"pa_velkost-3057","12":"pa_velkost-3058","13":"pa_velkost-3050","14":"pa_velkost-3051","16":"first","17":"instock","18":"taxable","19":"shipping-taxable","20":"purchasable","21":"product-type-variable"},"acf":[],"_links":{"self":[{"href":"https:\/\/gajos.sk\/eshop\/wp-json\/wp\/v2\/product\/327180","targetHints":{"allow":["GET"]}}],"collection":[{"href":"https:\/\/gajos.sk\/eshop\/wp-json\/wp\/v2\/product"}],"about":[{"href":"https:\/\/gajos.sk\/eshop\/wp-json\/wp\/v2\/types\/product"}],"wp:featuredmedia":[{"embeddable":true,"href":"https:\/\/gajos.sk\/eshop\/wp-json\/wp\/v2\/media\/327182"}],"wp:attachment":[{"href":"https:\/\/gajos.sk\/eshop\/wp-json\/wp\/v2\/media?parent=327180"}],"wp:term":[{"taxonomy":"product_brand","embeddable":true,"href":"https:\/\/gajos.sk\/eshop\/wp-json\/wp\/v2\/product_brand?post=327180"},{"taxonomy":"product_cat","embeddable":true,"href":"https:\/\/gajos.sk\/eshop\/wp-json\/wp\/v2\/product_cat?post=327180"},{"taxonomy":"product_tag","embeddable":true,"href":"https:\/\/gajos.sk\/eshop\/wp-json\/wp\/v2\/product_tag?post=327180"}],"curies":[{"name":"wp","href":"https:\/\/api.w.org\/{rel}","templated":true}]}}