{"id":327164,"date":"2024-03-01T17:57:24","date_gmt":"2024-03-01T16:57:24","guid":{"rendered":"https:\/\/gajostest.a2hosted.com\/eshop\/rocking-red-rukavice-nylon-latex-dlan\/"},"modified":"2026-04-25T21:06:03","modified_gmt":"2026-04-25T19:06:03","slug":"rocking-red-rukavice-nylon-latex-dlan","status":"publish","type":"product","link":"https:\/\/gajos.sk\/eshop\/p\/rocking-red-rukavice-nylon-latex-dlan\/","title":{"rendered":"ROCKING RED rukavice nylon. latex. dla\u0148"},"content":{"rendered":"","protected":false},"excerpt":{"rendered":"<p>tvarovanej podpory r\u00e1m\u010dekov zorn\u00edkov chr\u00e1ni zorn\u00edky pred uvo\u013enen\u00edm v d\u00f4sledku \u010deln\u00e9ho n\u00e1razu, vetrac\u00ed syst\u00e9m na nosnom most\u00edku a bokoch pom\u00e1ha zabra\u0148ova\u0165 zahmlievaniu, ochrann\u00e1 vrstva proti po\u0161kriabaniu poskytuje dlh\u0161ie trvaj\u00facu odolnos\u0165 a lep\u0161ie videnie&#8220;<\/p>\n","protected":false},"featured_media":327166,"template":"","meta":{"_acf_changed":false,"inline_featured_image":false},"product_brand":[],"product_cat":[2138,2137,2124],"product_tag":[1387],"class_list":{"0":"post-327164","1":"product","2":"type-product","3":"status-publish","4":"has-post-thumbnail","6":"product_cat-vrstvene-site-rukavice","7":"product_cat-macane-a-povrstvene","8":"product_cat-rukavice","9":"product_tag-kixx","10":"pa_farba-cervena","11":"pa_velkost-3057","12":"pa_velkost-3058","13":"pa_velkost-3062","14":"pa_velkost-3050","15":"pa_velkost-3051","16":"pa_velkost-3052","18":"first","19":"instock","20":"taxable","21":"shipping-taxable","22":"purchasable","23":"product-type-variable"},"acf":[],"_links":{"self":[{"href":"https:\/\/gajos.sk\/eshop\/wp-json\/wp\/v2\/product\/327164","targetHints":{"allow":["GET"]}}],"collection":[{"href":"https:\/\/gajos.sk\/eshop\/wp-json\/wp\/v2\/product"}],"about":[{"href":"https:\/\/gajos.sk\/eshop\/wp-json\/wp\/v2\/types\/product"}],"wp:featuredmedia":[{"embeddable":true,"href":"https:\/\/gajos.sk\/eshop\/wp-json\/wp\/v2\/media\/327166"}],"wp:attachment":[{"href":"https:\/\/gajos.sk\/eshop\/wp-json\/wp\/v2\/media?parent=327164"}],"wp:term":[{"taxonomy":"product_brand","embeddable":true,"href":"https:\/\/gajos.sk\/eshop\/wp-json\/wp\/v2\/product_brand?post=327164"},{"taxonomy":"product_cat","embeddable":true,"href":"https:\/\/gajos.sk\/eshop\/wp-json\/wp\/v2\/product_cat?post=327164"},{"taxonomy":"product_tag","embeddable":true,"href":"https:\/\/gajos.sk\/eshop\/wp-json\/wp\/v2\/product_tag?post=327164"}],"curies":[{"name":"wp","href":"https:\/\/api.w.org\/{rel}","templated":true}]}}