{"id":327151,"date":"2024-03-01T17:57:16","date_gmt":"2024-03-01T16:57:16","guid":{"rendered":"https:\/\/gajostest.a2hosted.com\/eshop\/groovy-green-rukavice-nylon-latex-dlan\/"},"modified":"2026-04-25T21:06:03","modified_gmt":"2026-04-25T19:06:03","slug":"groovy-green-rukavice-nylon-latex-dlan","status":"publish","type":"product","link":"https:\/\/gajos.sk\/eshop\/p\/groovy-green-rukavice-nylon-latex-dlan\/","title":{"rendered":"GROOVY GREEN rukavice nylon. latex. dla\u0148"},"content":{"rendered":"","protected":false},"excerpt":{"rendered":"<p>Pohodln\u00e9 nylonov\u00e9 rukavice s latexov\u00fdm povrchom pre lep\u0161\u00ed \u00fachop. Zachovan\u00e1 citlivos\u0165 v prstoch. Bez\u0161vov\u00e9. \u013dahk\u00e9 a pru\u017en\u00e9. Ide\u00e1lne pre stredne n\u00e1ro\u010dn\u00e9 pou\u017eitie. EN 420, EN 388: 2003<\/p>\n","protected":false},"featured_media":327153,"template":"","meta":{"_acf_changed":false,"inline_featured_image":false},"product_brand":[],"product_cat":[2138,2137,2124],"product_tag":[1387],"class_list":{"0":"post-327151","1":"product","2":"type-product","3":"status-publish","4":"has-post-thumbnail","6":"product_cat-vrstvene-site-rukavice","7":"product_cat-macane-a-povrstvene","8":"product_cat-rukavice","9":"product_tag-kixx","10":"pa_farba-zelena","11":"pa_velkost-3057","12":"pa_velkost-3058","13":"pa_velkost-3062","14":"pa_velkost-3051","15":"pa_velkost-3052","17":"first","18":"instock","19":"taxable","20":"shipping-taxable","21":"purchasable","22":"product-type-variable"},"acf":[],"_links":{"self":[{"href":"https:\/\/gajos.sk\/eshop\/wp-json\/wp\/v2\/product\/327151","targetHints":{"allow":["GET"]}}],"collection":[{"href":"https:\/\/gajos.sk\/eshop\/wp-json\/wp\/v2\/product"}],"about":[{"href":"https:\/\/gajos.sk\/eshop\/wp-json\/wp\/v2\/types\/product"}],"wp:featuredmedia":[{"embeddable":true,"href":"https:\/\/gajos.sk\/eshop\/wp-json\/wp\/v2\/media\/327153"}],"wp:attachment":[{"href":"https:\/\/gajos.sk\/eshop\/wp-json\/wp\/v2\/media?parent=327151"}],"wp:term":[{"taxonomy":"product_brand","embeddable":true,"href":"https:\/\/gajos.sk\/eshop\/wp-json\/wp\/v2\/product_brand?post=327151"},{"taxonomy":"product_cat","embeddable":true,"href":"https:\/\/gajos.sk\/eshop\/wp-json\/wp\/v2\/product_cat?post=327151"},{"taxonomy":"product_tag","embeddable":true,"href":"https:\/\/gajos.sk\/eshop\/wp-json\/wp\/v2\/product_tag?post=327151"}],"curies":[{"name":"wp","href":"https:\/\/api.w.org\/{rel}","templated":true}]}}