{"id":327122,"date":"2024-03-01T17:57:06","date_gmt":"2024-03-01T16:57:06","guid":{"rendered":"https:\/\/gajostest.a2hosted.com\/eshop\/like-lime-rukavice-nylon-pu-dlan\/"},"modified":"2026-04-25T21:06:02","modified_gmt":"2026-04-25T19:06:02","slug":"like-lime-rukavice-nylon-pu-dlan","status":"publish","type":"product","link":"https:\/\/gajos.sk\/eshop\/p\/like-lime-rukavice-nylon-pu-dlan\/","title":{"rendered":"LIKE LIME rukavice nylon PU dla\u0148"},"content":{"rendered":"","protected":false},"excerpt":{"rendered":"<p>Pohodln\u00e9 rukavice z nylonu s polyuret\u00e1nov\u00fdm povrchom. V\u010faka mimoriadnej citlivosti uchopenia a v prstoch s\u00fa ide\u00e1lne pre \u013eahk\u00e9 vn\u00fatorn\u00e9 i vonkaj\u0161ie dom\u00e1ce pr\u00e1ce. EN 420, EN 388: 2003<\/p>\n","protected":false},"featured_media":327124,"template":"","meta":{"_acf_changed":false,"inline_featured_image":false},"product_brand":[],"product_cat":[2138,2137,2124],"product_tag":[1387],"class_list":{"0":"post-327122","1":"product","2":"type-product","3":"status-publish","4":"has-post-thumbnail","6":"product_cat-vrstvene-site-rukavice","7":"product_cat-macane-a-povrstvene","8":"product_cat-rukavice","9":"product_tag-kixx","10":"pa_farba-zelena","11":"pa_velkost-3062","12":"pa_velkost-3051","13":"pa_velkost-3052","14":"pa_velkost-3057","15":"pa_velkost-3058","17":"first","18":"instock","19":"taxable","20":"shipping-taxable","21":"purchasable","22":"product-type-variable"},"acf":[],"_links":{"self":[{"href":"https:\/\/gajos.sk\/eshop\/wp-json\/wp\/v2\/product\/327122","targetHints":{"allow":["GET"]}}],"collection":[{"href":"https:\/\/gajos.sk\/eshop\/wp-json\/wp\/v2\/product"}],"about":[{"href":"https:\/\/gajos.sk\/eshop\/wp-json\/wp\/v2\/types\/product"}],"wp:featuredmedia":[{"embeddable":true,"href":"https:\/\/gajos.sk\/eshop\/wp-json\/wp\/v2\/media\/327124"}],"wp:attachment":[{"href":"https:\/\/gajos.sk\/eshop\/wp-json\/wp\/v2\/media?parent=327122"}],"wp:term":[{"taxonomy":"product_brand","embeddable":true,"href":"https:\/\/gajos.sk\/eshop\/wp-json\/wp\/v2\/product_brand?post=327122"},{"taxonomy":"product_cat","embeddable":true,"href":"https:\/\/gajos.sk\/eshop\/wp-json\/wp\/v2\/product_cat?post=327122"},{"taxonomy":"product_tag","embeddable":true,"href":"https:\/\/gajos.sk\/eshop\/wp-json\/wp\/v2\/product_tag?post=327122"}],"curies":[{"name":"wp","href":"https:\/\/api.w.org\/{rel}","templated":true}]}}