{"id":327083,"date":"2024-03-01T17:55:48","date_gmt":"2024-03-01T16:55:48","guid":{"rendered":"https:\/\/gajostest.a2hosted.com\/eshop\/ansell-11-818-hyflex\/"},"modified":"2026-04-23T21:06:41","modified_gmt":"2026-04-23T19:06:41","slug":"ansell-11-818-hyflex","status":"publish","type":"product","link":"https:\/\/gajos.sk\/eshop\/p\/ansell-11-818-hyflex\/","title":{"rendered":"Ansell 11-818 HyFlex"},"content":{"rendered":"","protected":false},"excerpt":{"rendered":"<p>Povrstvenie nitrilovou penou Ansell FORTIX\u2122 na 18 vl\u00e1knovej pod\u0161\u00edvke z nylonu-spandexu, povrstven\u00e1 dla\u0148. Pleten\u00e9 z\u00e1p\u00e4stie. D\u013a\u017eka 200\u2013248 mm (8\u201310 palcov).<\/p>\n","protected":false},"featured_media":327085,"template":"","meta":{"_acf_changed":false,"inline_featured_image":false},"product_brand":[],"product_cat":[2138,2137,2124],"product_tag":[1219],"class_list":{"0":"post-327083","1":"product","2":"type-product","3":"status-publish","4":"has-post-thumbnail","6":"product_cat-vrstvene-site-rukavice","7":"product_cat-macane-a-povrstvene","8":"product_cat-rukavice","9":"product_tag-ansell","10":"pa_velkost-3050","11":"pa_velkost-3051","12":"pa_velkost-3052","13":"pa_velkost-3057","14":"pa_velkost-3058","15":"pa_velkost-3062","17":"first","18":"instock","19":"taxable","20":"shipping-taxable","21":"purchasable","22":"product-type-variable"},"acf":[],"_links":{"self":[{"href":"https:\/\/gajos.sk\/eshop\/wp-json\/wp\/v2\/product\/327083","targetHints":{"allow":["GET"]}}],"collection":[{"href":"https:\/\/gajos.sk\/eshop\/wp-json\/wp\/v2\/product"}],"about":[{"href":"https:\/\/gajos.sk\/eshop\/wp-json\/wp\/v2\/types\/product"}],"wp:featuredmedia":[{"embeddable":true,"href":"https:\/\/gajos.sk\/eshop\/wp-json\/wp\/v2\/media\/327085"}],"wp:attachment":[{"href":"https:\/\/gajos.sk\/eshop\/wp-json\/wp\/v2\/media?parent=327083"}],"wp:term":[{"taxonomy":"product_brand","embeddable":true,"href":"https:\/\/gajos.sk\/eshop\/wp-json\/wp\/v2\/product_brand?post=327083"},{"taxonomy":"product_cat","embeddable":true,"href":"https:\/\/gajos.sk\/eshop\/wp-json\/wp\/v2\/product_cat?post=327083"},{"taxonomy":"product_tag","embeddable":true,"href":"https:\/\/gajos.sk\/eshop\/wp-json\/wp\/v2\/product_tag?post=327083"}],"curies":[{"name":"wp","href":"https:\/\/api.w.org\/{rel}","templated":true}]}}