{"id":327073,"date":"2024-03-01T17:55:42","date_gmt":"2024-03-01T16:55:42","guid":{"rendered":"https:\/\/gajostest.a2hosted.com\/eshop\/garrulus-ruk-latex-protismyk\/"},"modified":"2026-04-25T21:06:02","modified_gmt":"2026-04-25T19:06:02","slug":"garrulus-ruk-latex-protismyk","status":"publish","type":"product","link":"https:\/\/gajos.sk\/eshop\/p\/garrulus-ruk-latex-protismyk\/","title":{"rendered":"GARRULUS ruk. latex  proti\u0161myk"},"content":{"rendered":"","protected":false},"excerpt":{"rendered":"<p>Pleten\u00e9 bez\u0161vov\u00e9 rukavice z polyesteru, polom\u00e1\u010dan\u00e9 v latexe (zdrsnen\u00e1 vrstva na prstoch, hladk\u00e1 v dlani), elastick\u00e1 man\u017eeta. Dlh\u0161ia \u017eivotnos\u0165 ,zdvojen\u00e9 m\u00e1\u010danie kon\u010dekov prstov.<\/p>\n","protected":false},"featured_media":327075,"template":"","meta":{"_acf_changed":false,"inline_featured_image":false},"product_brand":[],"product_cat":[2138,2137,2124],"product_tag":[1179],"class_list":{"0":"post-327073","1":"product","2":"type-product","3":"status-publish","4":"has-post-thumbnail","6":"product_cat-vrstvene-site-rukavice","7":"product_cat-macane-a-povrstvene","8":"product_cat-rukavice","9":"product_tag-cerva","10":"pa_farba-cierna","11":"pa_velkost-3051","12":"pa_velkost-3052","13":"pa_velkost-3057","15":"first","16":"instock","17":"taxable","18":"shipping-taxable","19":"purchasable","20":"product-type-variable"},"acf":[],"_links":{"self":[{"href":"https:\/\/gajos.sk\/eshop\/wp-json\/wp\/v2\/product\/327073","targetHints":{"allow":["GET"]}}],"collection":[{"href":"https:\/\/gajos.sk\/eshop\/wp-json\/wp\/v2\/product"}],"about":[{"href":"https:\/\/gajos.sk\/eshop\/wp-json\/wp\/v2\/types\/product"}],"wp:featuredmedia":[{"embeddable":true,"href":"https:\/\/gajos.sk\/eshop\/wp-json\/wp\/v2\/media\/327075"}],"wp:attachment":[{"href":"https:\/\/gajos.sk\/eshop\/wp-json\/wp\/v2\/media?parent=327073"}],"wp:term":[{"taxonomy":"product_brand","embeddable":true,"href":"https:\/\/gajos.sk\/eshop\/wp-json\/wp\/v2\/product_brand?post=327073"},{"taxonomy":"product_cat","embeddable":true,"href":"https:\/\/gajos.sk\/eshop\/wp-json\/wp\/v2\/product_cat?post=327073"},{"taxonomy":"product_tag","embeddable":true,"href":"https:\/\/gajos.sk\/eshop\/wp-json\/wp\/v2\/product_tag?post=327073"}],"curies":[{"name":"wp","href":"https:\/\/api.w.org\/{rel}","templated":true}]}}