{"id":327067,"date":"2024-03-01T17:55:39","date_gmt":"2024-03-01T16:55:39","guid":{"rendered":"https:\/\/gajostest.a2hosted.com\/eshop\/arvensis-ruk-latex-protismyk\/"},"modified":"2026-05-07T21:04:25","modified_gmt":"2026-05-07T19:04:25","slug":"arvensis-ruk-latex-protismyk","status":"publish","type":"product","link":"https:\/\/gajos.sk\/eshop\/p\/arvensis-ruk-latex-protismyk\/","title":{"rendered":"ARVENSIS ruk. latex proti\u0161myk"},"content":{"rendered":"","protected":false},"excerpt":{"rendered":"<p>Pleten\u00e9 bez\u0161vov\u00e9 rukavice, akrylov\u00fd materi\u00e1l, polom\u00e1\u010dan\u00e9 v mikropor\u00e9znom latexe.<\/p>\n","protected":false},"featured_media":327069,"template":"","meta":{"_acf_changed":false,"inline_featured_image":false},"product_brand":[],"product_cat":[2175],"product_tag":[1179],"class_list":{"0":"post-327067","1":"product","2":"type-product","3":"status-publish","4":"has-post-thumbnail","6":"product_cat-produkty","7":"product_tag-cerva","8":"pa_farba-oranzova","9":"pa_velkost-3050","10":"pa_velkost-3051","11":"pa_velkost-3052","12":"pa_velkost-3057","14":"first","15":"instock","16":"taxable","17":"shipping-taxable","18":"purchasable","19":"product-type-variable"},"acf":[],"_links":{"self":[{"href":"https:\/\/gajos.sk\/eshop\/wp-json\/wp\/v2\/product\/327067","targetHints":{"allow":["GET"]}}],"collection":[{"href":"https:\/\/gajos.sk\/eshop\/wp-json\/wp\/v2\/product"}],"about":[{"href":"https:\/\/gajos.sk\/eshop\/wp-json\/wp\/v2\/types\/product"}],"wp:featuredmedia":[{"embeddable":true,"href":"https:\/\/gajos.sk\/eshop\/wp-json\/wp\/v2\/media\/327069"}],"wp:attachment":[{"href":"https:\/\/gajos.sk\/eshop\/wp-json\/wp\/v2\/media?parent=327067"}],"wp:term":[{"taxonomy":"product_brand","embeddable":true,"href":"https:\/\/gajos.sk\/eshop\/wp-json\/wp\/v2\/product_brand?post=327067"},{"taxonomy":"product_cat","embeddable":true,"href":"https:\/\/gajos.sk\/eshop\/wp-json\/wp\/v2\/product_cat?post=327067"},{"taxonomy":"product_tag","embeddable":true,"href":"https:\/\/gajos.sk\/eshop\/wp-json\/wp\/v2\/product_tag?post=327067"}],"curies":[{"name":"wp","href":"https:\/\/api.w.org\/{rel}","templated":true}]}}