{"id":327045,"date":"2024-03-01T17:55:29","date_gmt":"2024-03-01T16:55:29","guid":{"rendered":"https:\/\/gajostest.a2hosted.com\/eshop\/pintail-ruk-plet-nylon-macane\/"},"modified":"2026-05-07T21:04:25","modified_gmt":"2026-05-07T19:04:25","slug":"pintail-ruk-plet-nylon-macane","status":"publish","type":"product","link":"https:\/\/gajos.sk\/eshop\/p\/pintail-ruk-plet-nylon-macane\/","title":{"rendered":"PINTAIL ruk. plet.nylon. m\u00e1\u010dan\u00e9"},"content":{"rendered":"","protected":false},"excerpt":{"rendered":"<p>Bez\u0161vov\u00e9 rukavice z nylonu s pru\u017enou man\u017eetou, m\u00e1\u010dan\u00e9 v penovom latexe.<\/p>\n","protected":false},"featured_media":327047,"template":"","meta":{"_acf_changed":false,"inline_featured_image":false},"product_brand":[],"product_cat":[2138,2137,2124],"product_tag":[1179],"class_list":{"0":"post-327045","1":"product","2":"type-product","3":"status-publish","4":"has-post-thumbnail","6":"product_cat-vrstvene-site-rukavice","7":"product_cat-macane-a-povrstvene","8":"product_cat-rukavice","9":"product_tag-cerva","10":"pa_farba-hneda-zelena","11":"pa_farba-navy-sv-fialova","12":"pa_velkost-3052","13":"pa_velkost-3057","14":"pa_velkost-3058","16":"first","17":"instock","18":"taxable","19":"shipping-taxable","20":"purchasable","21":"product-type-variable"},"acf":[],"_links":{"self":[{"href":"https:\/\/gajos.sk\/eshop\/wp-json\/wp\/v2\/product\/327045","targetHints":{"allow":["GET"]}}],"collection":[{"href":"https:\/\/gajos.sk\/eshop\/wp-json\/wp\/v2\/product"}],"about":[{"href":"https:\/\/gajos.sk\/eshop\/wp-json\/wp\/v2\/types\/product"}],"wp:featuredmedia":[{"embeddable":true,"href":"https:\/\/gajos.sk\/eshop\/wp-json\/wp\/v2\/media\/327047"}],"wp:attachment":[{"href":"https:\/\/gajos.sk\/eshop\/wp-json\/wp\/v2\/media?parent=327045"}],"wp:term":[{"taxonomy":"product_brand","embeddable":true,"href":"https:\/\/gajos.sk\/eshop\/wp-json\/wp\/v2\/product_brand?post=327045"},{"taxonomy":"product_cat","embeddable":true,"href":"https:\/\/gajos.sk\/eshop\/wp-json\/wp\/v2\/product_cat?post=327045"},{"taxonomy":"product_tag","embeddable":true,"href":"https:\/\/gajos.sk\/eshop\/wp-json\/wp\/v2\/product_tag?post=327045"}],"curies":[{"name":"wp","href":"https:\/\/api.w.org\/{rel}","templated":true}]}}