{"id":327028,"date":"2024-03-01T17:55:18","date_gmt":"2024-03-01T16:55:18","guid":{"rendered":"https:\/\/gajostest.a2hosted.com\/eshop\/smew-vam-rukavice-nylon-18g-pu\/"},"modified":"2026-04-25T21:06:02","modified_gmt":"2026-04-25T19:06:02","slug":"smew-vam-rukavice-nylon-18g-pu","status":"publish","type":"product","link":"https:\/\/gajos.sk\/eshop\/p\/smew-vam-rukavice-nylon-18g-pu\/","title":{"rendered":"SMEW VAM rukavice nylon 18G\/PU"},"content":{"rendered":"","protected":false},"excerpt":{"rendered":"<p>Ultratenk\u00e9, \u013eahk\u00e9 a priedu\u0161n\u00e9 nylonov\u00e9 rukavice m\u00e1\u010dan\u00e9 v polyuret\u00e1ne, ergon\u00f3mia, vysok\u00fd cit v prstoch.<\/p>\n","protected":false},"featured_media":327030,"template":"","meta":{"_acf_changed":false,"inline_featured_image":false},"product_brand":[],"product_cat":[2138,2137,2124],"product_tag":[1179],"class_list":{"0":"post-327028","1":"product","2":"type-product","3":"status-publish","4":"has-post-thumbnail","6":"product_cat-vrstvene-site-rukavice","7":"product_cat-macane-a-povrstvene","8":"product_cat-rukavice","9":"product_tag-cerva","10":"pa_farba-modra-cierna","11":"pa_velkost-3050","12":"pa_velkost-3051","13":"pa_velkost-3052","14":"pa_velkost-3057","15":"pa_velkost-3058","16":"pa_velkost-3062","17":"pa_velkost-3076","19":"first","20":"instock","21":"taxable","22":"shipping-taxable","23":"purchasable","24":"product-type-variable"},"acf":[],"_links":{"self":[{"href":"https:\/\/gajos.sk\/eshop\/wp-json\/wp\/v2\/product\/327028","targetHints":{"allow":["GET"]}}],"collection":[{"href":"https:\/\/gajos.sk\/eshop\/wp-json\/wp\/v2\/product"}],"about":[{"href":"https:\/\/gajos.sk\/eshop\/wp-json\/wp\/v2\/types\/product"}],"wp:featuredmedia":[{"embeddable":true,"href":"https:\/\/gajos.sk\/eshop\/wp-json\/wp\/v2\/media\/327030"}],"wp:attachment":[{"href":"https:\/\/gajos.sk\/eshop\/wp-json\/wp\/v2\/media?parent=327028"}],"wp:term":[{"taxonomy":"product_brand","embeddable":true,"href":"https:\/\/gajos.sk\/eshop\/wp-json\/wp\/v2\/product_brand?post=327028"},{"taxonomy":"product_cat","embeddable":true,"href":"https:\/\/gajos.sk\/eshop\/wp-json\/wp\/v2\/product_cat?post=327028"},{"taxonomy":"product_tag","embeddable":true,"href":"https:\/\/gajos.sk\/eshop\/wp-json\/wp\/v2\/product_tag?post=327028"}],"curies":[{"name":"wp","href":"https:\/\/api.w.org\/{rel}","templated":true}]}}