{"id":326971,"date":"2024-03-01T17:53:45","date_gmt":"2024-03-01T16:53:45","guid":{"rendered":"https:\/\/gajostest.a2hosted.com\/eshop\/nyroca-maxim-rukavice-s-blistrom\/"},"modified":"2026-04-25T21:06:02","modified_gmt":"2026-04-25T19:06:02","slug":"nyroca-maxim-rukavice-s-blistrom","status":"publish","type":"product","link":"https:\/\/gajos.sk\/eshop\/p\/nyroca-maxim-rukavice-s-blistrom\/","title":{"rendered":"NYROCA MAXIM rukavice s blistrom"},"content":{"rendered":"","protected":false},"excerpt":{"rendered":"<p>Rukavice z \u00fapletu nylon\/lycra m\u00e1\u010dan\u00e9 v mikropor\u00e9znom nitrile, excelentn\u00e1 priedu\u0161nos\u0165, ve\u013emi dobr\u00fd \u00fachop za mokra, v olejnatom prostred\u00ed i za sucha.<\/p>\n","protected":false},"featured_media":326973,"template":"","meta":{"_acf_changed":false,"inline_featured_image":false},"product_brand":[],"product_cat":[2138,2137,2124],"product_tag":[1179],"class_list":{"0":"post-326971","1":"product","2":"type-product","3":"status-publish","4":"has-post-thumbnail","6":"product_cat-vrstvene-site-rukavice","7":"product_cat-macane-a-povrstvene","8":"product_cat-rukavice","9":"product_tag-cerva","10":"pa_velkost-3052","11":"pa_velkost-3057","12":"pa_velkost-3058","13":"pa_velkost-3050","14":"pa_velkost-3051","16":"first","17":"instock","18":"taxable","19":"shipping-taxable","20":"purchasable","21":"product-type-variable"},"acf":[],"_links":{"self":[{"href":"https:\/\/gajos.sk\/eshop\/wp-json\/wp\/v2\/product\/326971","targetHints":{"allow":["GET"]}}],"collection":[{"href":"https:\/\/gajos.sk\/eshop\/wp-json\/wp\/v2\/product"}],"about":[{"href":"https:\/\/gajos.sk\/eshop\/wp-json\/wp\/v2\/types\/product"}],"wp:featuredmedia":[{"embeddable":true,"href":"https:\/\/gajos.sk\/eshop\/wp-json\/wp\/v2\/media\/326973"}],"wp:attachment":[{"href":"https:\/\/gajos.sk\/eshop\/wp-json\/wp\/v2\/media?parent=326971"}],"wp:term":[{"taxonomy":"product_brand","embeddable":true,"href":"https:\/\/gajos.sk\/eshop\/wp-json\/wp\/v2\/product_brand?post=326971"},{"taxonomy":"product_cat","embeddable":true,"href":"https:\/\/gajos.sk\/eshop\/wp-json\/wp\/v2\/product_cat?post=326971"},{"taxonomy":"product_tag","embeddable":true,"href":"https:\/\/gajos.sk\/eshop\/wp-json\/wp\/v2\/product_tag?post=326971"}],"curies":[{"name":"wp","href":"https:\/\/api.w.org\/{rel}","templated":true}]}}