{"id":326942,"date":"2024-03-01T17:53:32","date_gmt":"2024-03-01T16:53:32","guid":{"rendered":"https:\/\/gajostest.a2hosted.com\/eshop\/ff-bunting-light-vam-rukavice\/"},"modified":"2026-04-17T21:11:15","modified_gmt":"2026-04-17T19:11:15","slug":"ff-bunting-light-vam-rukavice","status":"publish","type":"product","link":"https:\/\/gajos.sk\/eshop\/p\/ff-bunting-light-vam-rukavice\/","title":{"rendered":"FF BUNTING LIGHT VAM  rukavice"},"content":{"rendered":"","protected":false},"excerpt":{"rendered":"<p>Pleten\u00e9 bez\u0161vov\u00e9 polyesterov\u00e9 rukavice m\u00e1\u010dan\u00e9 v PU v dlani a na prstoch, elastick\u00e1 man\u017eeta.<\/p>\n","protected":false},"featured_media":326944,"template":"","meta":{"_acf_changed":false,"inline_featured_image":false},"product_brand":[],"product_cat":[2138,2137,2124],"product_tag":[1228],"class_list":{"0":"post-326942","1":"product","2":"type-product","3":"status-publish","4":"has-post-thumbnail","6":"product_cat-vrstvene-site-rukavice","7":"product_cat-macane-a-povrstvene","8":"product_cat-rukavice","9":"product_tag-fridrich-fridrich","10":"pa_farba-cierna","11":"pa_farba-biela","12":"pa_velkost-3062","13":"pa_velkost-3050","14":"pa_velkost-3051","15":"pa_velkost-3052","16":"pa_velkost-3057","17":"pa_velkost-3058","19":"first","20":"instock","21":"taxable","22":"shipping-taxable","23":"purchasable","24":"product-type-variable"},"acf":[],"_links":{"self":[{"href":"https:\/\/gajos.sk\/eshop\/wp-json\/wp\/v2\/product\/326942","targetHints":{"allow":["GET"]}}],"collection":[{"href":"https:\/\/gajos.sk\/eshop\/wp-json\/wp\/v2\/product"}],"about":[{"href":"https:\/\/gajos.sk\/eshop\/wp-json\/wp\/v2\/types\/product"}],"wp:featuredmedia":[{"embeddable":true,"href":"https:\/\/gajos.sk\/eshop\/wp-json\/wp\/v2\/media\/326944"}],"wp:attachment":[{"href":"https:\/\/gajos.sk\/eshop\/wp-json\/wp\/v2\/media?parent=326942"}],"wp:term":[{"taxonomy":"product_brand","embeddable":true,"href":"https:\/\/gajos.sk\/eshop\/wp-json\/wp\/v2\/product_brand?post=326942"},{"taxonomy":"product_cat","embeddable":true,"href":"https:\/\/gajos.sk\/eshop\/wp-json\/wp\/v2\/product_cat?post=326942"},{"taxonomy":"product_tag","embeddable":true,"href":"https:\/\/gajos.sk\/eshop\/wp-json\/wp\/v2\/product_tag?post=326942"}],"curies":[{"name":"wp","href":"https:\/\/api.w.org\/{rel}","templated":true}]}}