{"id":326913,"date":"2024-03-01T17:53:14","date_gmt":"2024-03-01T16:53:14","guid":{"rendered":"https:\/\/gajostest.a2hosted.com\/eshop\/ff-dipper-light-rukavice\/"},"modified":"2026-04-17T21:11:12","modified_gmt":"2026-04-17T19:11:12","slug":"ff-dipper-light-rukavice","status":"publish","type":"product","link":"https:\/\/gajos.sk\/eshop\/p\/ff-dipper-light-rukavice\/","title":{"rendered":"FF DIPPER LIGHT rukavice"},"content":{"rendered":"","protected":false},"excerpt":{"rendered":"<p>Pleten\u00e9 bez\u0161vov\u00e9 rukavice zo zmesi bavlna\/polyester. Polom\u00e1\u010den\u00e9 v latexe, s proti\u0161mykov\u00fdm povrchom v dlani a na prstoch.<\/p>\n","protected":false},"featured_media":326915,"template":"","meta":{"_acf_changed":false,"inline_featured_image":false},"product_brand":[],"product_cat":[2138,2137,2124],"product_tag":[1228],"class_list":{"0":"post-326913","1":"product","2":"type-product","3":"status-publish","4":"has-post-thumbnail","6":"product_cat-vrstvene-site-rukavice","7":"product_cat-macane-a-povrstvene","8":"product_cat-rukavice","9":"product_tag-fridrich-fridrich","10":"pa_farba-zelena","11":"pa_farba-cierna","12":"pa_velkost-3051","13":"pa_velkost-3057","15":"first","16":"instock","17":"taxable","18":"shipping-taxable","19":"purchasable","20":"product-type-variable"},"acf":[],"_links":{"self":[{"href":"https:\/\/gajos.sk\/eshop\/wp-json\/wp\/v2\/product\/326913","targetHints":{"allow":["GET"]}}],"collection":[{"href":"https:\/\/gajos.sk\/eshop\/wp-json\/wp\/v2\/product"}],"about":[{"href":"https:\/\/gajos.sk\/eshop\/wp-json\/wp\/v2\/types\/product"}],"wp:featuredmedia":[{"embeddable":true,"href":"https:\/\/gajos.sk\/eshop\/wp-json\/wp\/v2\/media\/326915"}],"wp:attachment":[{"href":"https:\/\/gajos.sk\/eshop\/wp-json\/wp\/v2\/media?parent=326913"}],"wp:term":[{"taxonomy":"product_brand","embeddable":true,"href":"https:\/\/gajos.sk\/eshop\/wp-json\/wp\/v2\/product_brand?post=326913"},{"taxonomy":"product_cat","embeddable":true,"href":"https:\/\/gajos.sk\/eshop\/wp-json\/wp\/v2\/product_cat?post=326913"},{"taxonomy":"product_tag","embeddable":true,"href":"https:\/\/gajos.sk\/eshop\/wp-json\/wp\/v2\/product_tag?post=326913"}],"curies":[{"name":"wp","href":"https:\/\/api.w.org\/{rel}","templated":true}]}}