{"id":326881,"date":"2024-03-01T17:51:57","date_gmt":"2024-03-01T16:51:57","guid":{"rendered":"https:\/\/gajostest.a2hosted.com\/eshop\/bunting-evolution-black-rukavice-pu\/"},"modified":"2026-04-25T21:06:02","modified_gmt":"2026-04-25T19:06:02","slug":"bunting-evolution-black-rukavice-pu","status":"publish","type":"product","link":"https:\/\/gajos.sk\/eshop\/p\/bunting-evolution-black-rukavice-pu\/","title":{"rendered":"BUNTING EVOLUTION BLACK rukavice PU"},"content":{"rendered":"","protected":false},"excerpt":{"rendered":"<p>Pleten\u00e9 beze\u0161v\u00e9 polyesterov\u00e9 rukavice, s tenkou vrstvou polyuretanu v dlani a na prstech a pru\u017enou man\u017eetou.<\/p>\n","protected":false},"featured_media":326883,"template":"","meta":{"_acf_changed":false,"inline_featured_image":false},"product_brand":[],"product_cat":[2138,2137,2124],"product_tag":[1179],"class_list":{"0":"post-326881","1":"product","2":"type-product","3":"status-publish","4":"has-post-thumbnail","6":"product_cat-vrstvene-site-rukavice","7":"product_cat-macane-a-povrstvene","8":"product_cat-rukavice","9":"product_tag-cerva","10":"pa_velkost-3058","11":"pa_velkost-3062","12":"pa_velkost-3076","13":"pa_velkost-3050","14":"pa_velkost-3051","15":"pa_velkost-3052","16":"pa_velkost-3057","18":"first","19":"instock","20":"taxable","21":"shipping-taxable","22":"purchasable","23":"product-type-variable"},"acf":[],"_links":{"self":[{"href":"https:\/\/gajos.sk\/eshop\/wp-json\/wp\/v2\/product\/326881","targetHints":{"allow":["GET"]}}],"collection":[{"href":"https:\/\/gajos.sk\/eshop\/wp-json\/wp\/v2\/product"}],"about":[{"href":"https:\/\/gajos.sk\/eshop\/wp-json\/wp\/v2\/types\/product"}],"wp:featuredmedia":[{"embeddable":true,"href":"https:\/\/gajos.sk\/eshop\/wp-json\/wp\/v2\/media\/326883"}],"wp:attachment":[{"href":"https:\/\/gajos.sk\/eshop\/wp-json\/wp\/v2\/media?parent=326881"}],"wp:term":[{"taxonomy":"product_brand","embeddable":true,"href":"https:\/\/gajos.sk\/eshop\/wp-json\/wp\/v2\/product_brand?post=326881"},{"taxonomy":"product_cat","embeddable":true,"href":"https:\/\/gajos.sk\/eshop\/wp-json\/wp\/v2\/product_cat?post=326881"},{"taxonomy":"product_tag","embeddable":true,"href":"https:\/\/gajos.sk\/eshop\/wp-json\/wp\/v2\/product_tag?post=326881"}],"curies":[{"name":"wp","href":"https:\/\/api.w.org\/{rel}","templated":true}]}}