{"id":326861,"date":"2024-03-01T17:51:41","date_gmt":"2024-03-01T16:51:41","guid":{"rendered":"https:\/\/gajostest.a2hosted.com\/eshop\/rufinus-ruk-nylon-upletnitril\/"},"modified":"2026-04-25T21:06:02","modified_gmt":"2026-04-25T19:06:02","slug":"rufinus-ruk-nylon-upletnitril","status":"publish","type":"product","link":"https:\/\/gajos.sk\/eshop\/p\/rufinus-ruk-nylon-upletnitril\/","title":{"rendered":"RUFINUS ruk.nylon \u00faplet,nitril"},"content":{"rendered":"","protected":false},"excerpt":{"rendered":"<p>Rukavice z bez\u0161vov\u00e9ho nylonov\u00e9ho \u00fapletu s vrstvou mikropor\u00e9zneho nitrilu v dlani a na prstoch a s pru\u017en\u00fdm n\u00e1pletom. S\u00fa vhodn\u00e9 na ochranu v m\u00e1lo zne\u010dis\u0165uj\u00facom prostred\u00ed a jemn\u00fa manipul\u00e1ciu.<\/p>\n","protected":false},"featured_media":326863,"template":"","meta":{"_acf_changed":false,"inline_featured_image":false},"product_brand":[],"product_cat":[2138,2137,2124],"product_tag":[1179],"class_list":{"0":"post-326861","1":"product","2":"type-product","3":"status-publish","4":"has-post-thumbnail","6":"product_cat-vrstvene-site-rukavice","7":"product_cat-macane-a-povrstvene","8":"product_cat-rukavice","9":"product_tag-cerva","10":"pa_velkost-3050","11":"pa_velkost-3051","12":"pa_velkost-3052","13":"pa_velkost-3057","14":"pa_velkost-3058","15":"pa_velkost-3062","17":"first","18":"instock","19":"taxable","20":"shipping-taxable","21":"purchasable","22":"product-type-variable"},"acf":[],"_links":{"self":[{"href":"https:\/\/gajos.sk\/eshop\/wp-json\/wp\/v2\/product\/326861","targetHints":{"allow":["GET"]}}],"collection":[{"href":"https:\/\/gajos.sk\/eshop\/wp-json\/wp\/v2\/product"}],"about":[{"href":"https:\/\/gajos.sk\/eshop\/wp-json\/wp\/v2\/types\/product"}],"wp:featuredmedia":[{"embeddable":true,"href":"https:\/\/gajos.sk\/eshop\/wp-json\/wp\/v2\/media\/326863"}],"wp:attachment":[{"href":"https:\/\/gajos.sk\/eshop\/wp-json\/wp\/v2\/media?parent=326861"}],"wp:term":[{"taxonomy":"product_brand","embeddable":true,"href":"https:\/\/gajos.sk\/eshop\/wp-json\/wp\/v2\/product_brand?post=326861"},{"taxonomy":"product_cat","embeddable":true,"href":"https:\/\/gajos.sk\/eshop\/wp-json\/wp\/v2\/product_cat?post=326861"},{"taxonomy":"product_tag","embeddable":true,"href":"https:\/\/gajos.sk\/eshop\/wp-json\/wp\/v2\/product_tag?post=326861"}],"curies":[{"name":"wp","href":"https:\/\/api.w.org\/{rel}","templated":true}]}}