{"id":326853,"date":"2024-03-01T17:51:36","date_gmt":"2024-03-01T16:51:36","guid":{"rendered":"https:\/\/gajostest.a2hosted.com\/eshop\/terel-ruk-antist-nylon-uplet-prsty-pu\/"},"modified":"2026-04-25T21:06:02","modified_gmt":"2026-04-25T19:06:02","slug":"terel-ruk-antist-nylon-uplet-prsty-pu","status":"publish","type":"product","link":"https:\/\/gajos.sk\/eshop\/p\/terel-ruk-antist-nylon-uplet-prsty-pu\/","title":{"rendered":"TEREL ruk.antist.nylon \u00faplet, prsty PU"},"content":{"rendered":"","protected":false},"excerpt":{"rendered":"<p>Pleten\u00e9, antistatick\u00e9, bez\u0161vov\u00e9, nylonov\u00e9 rukavice s integrovan\u00fdm uhl\u00edkov\u00fdm vl\u00e1knom, vrstvou polyuret\u00e1nu na \u0161pi\u010dk\u00e1ch prstov a pru\u017enou man\u017eetou.<\/p>\n","protected":false},"featured_media":326855,"template":"","meta":{"_acf_changed":false,"inline_featured_image":false},"product_brand":[],"product_cat":[2138,2137,2124],"product_tag":[1179],"class_list":{"0":"post-326853","1":"product","2":"type-product","3":"status-publish","4":"has-post-thumbnail","6":"product_cat-vrstvene-site-rukavice","7":"product_cat-macane-a-povrstvene","8":"product_cat-rukavice","9":"product_tag-cerva","10":"pa_velkost-3050","11":"pa_velkost-3051","12":"pa_velkost-3052","13":"pa_velkost-3057","14":"pa_velkost-3058","15":"pa_velkost-3062","17":"first","18":"instock","19":"taxable","20":"shipping-taxable","21":"purchasable","22":"product-type-variable"},"acf":[],"_links":{"self":[{"href":"https:\/\/gajos.sk\/eshop\/wp-json\/wp\/v2\/product\/326853","targetHints":{"allow":["GET"]}}],"collection":[{"href":"https:\/\/gajos.sk\/eshop\/wp-json\/wp\/v2\/product"}],"about":[{"href":"https:\/\/gajos.sk\/eshop\/wp-json\/wp\/v2\/types\/product"}],"wp:featuredmedia":[{"embeddable":true,"href":"https:\/\/gajos.sk\/eshop\/wp-json\/wp\/v2\/media\/326855"}],"wp:attachment":[{"href":"https:\/\/gajos.sk\/eshop\/wp-json\/wp\/v2\/media?parent=326853"}],"wp:term":[{"taxonomy":"product_brand","embeddable":true,"href":"https:\/\/gajos.sk\/eshop\/wp-json\/wp\/v2\/product_brand?post=326853"},{"taxonomy":"product_cat","embeddable":true,"href":"https:\/\/gajos.sk\/eshop\/wp-json\/wp\/v2\/product_cat?post=326853"},{"taxonomy":"product_tag","embeddable":true,"href":"https:\/\/gajos.sk\/eshop\/wp-json\/wp\/v2\/product_tag?post=326853"}],"curies":[{"name":"wp","href":"https:\/\/api.w.org\/{rel}","templated":true}]}}