{"id":326817,"date":"2024-03-01T17:51:22","date_gmt":"2024-03-01T16:51:22","guid":{"rendered":"https:\/\/gajostest.a2hosted.com\/eshop\/ansell-48-100-sensilite-biele\/"},"modified":"2026-04-24T21:06:25","modified_gmt":"2026-04-24T19:06:25","slug":"ansell-48-100-sensilite-biele","status":"publish","type":"product","link":"https:\/\/gajos.sk\/eshop\/p\/ansell-48-100-sensilite-biele\/","title":{"rendered":"ANSELL  48-100 SensiLite biele"},"content":{"rendered":"","protected":false},"excerpt":{"rendered":"<p>Bez\u0161vov\u00e9 rukavice z nylonov\u00e9ho \u00fapletu, s vrstvou polyuret\u00e1nu v dlani a na prstoch, pru\u017en\u00fdm n\u00e1pletom a odolnos\u0165ou vo\u010di oteru tr. 4, vhodn\u00e9 pre \u013eahk\u00e9 aplik\u00e1cie.<\/p>\n","protected":false},"featured_media":326819,"template":"","meta":{"_acf_changed":false,"inline_featured_image":false},"product_brand":[],"product_cat":[2138,2137,2124],"product_tag":[1219],"class_list":{"0":"post-326817","1":"product","2":"type-product","3":"status-publish","4":"has-post-thumbnail","6":"product_cat-vrstvene-site-rukavice","7":"product_cat-macane-a-povrstvene","8":"product_cat-rukavice","9":"product_tag-ansell","10":"pa_farba-biela","11":"pa_velkost-3051","12":"pa_velkost-3052","13":"pa_velkost-3057","14":"pa_velkost-3058","15":"pa_velkost-3062","17":"first","18":"instock","19":"taxable","20":"shipping-taxable","21":"purchasable","22":"product-type-variable"},"acf":[],"_links":{"self":[{"href":"https:\/\/gajos.sk\/eshop\/wp-json\/wp\/v2\/product\/326817","targetHints":{"allow":["GET"]}}],"collection":[{"href":"https:\/\/gajos.sk\/eshop\/wp-json\/wp\/v2\/product"}],"about":[{"href":"https:\/\/gajos.sk\/eshop\/wp-json\/wp\/v2\/types\/product"}],"wp:featuredmedia":[{"embeddable":true,"href":"https:\/\/gajos.sk\/eshop\/wp-json\/wp\/v2\/media\/326819"}],"wp:attachment":[{"href":"https:\/\/gajos.sk\/eshop\/wp-json\/wp\/v2\/media?parent=326817"}],"wp:term":[{"taxonomy":"product_brand","embeddable":true,"href":"https:\/\/gajos.sk\/eshop\/wp-json\/wp\/v2\/product_brand?post=326817"},{"taxonomy":"product_cat","embeddable":true,"href":"https:\/\/gajos.sk\/eshop\/wp-json\/wp\/v2\/product_cat?post=326817"},{"taxonomy":"product_tag","embeddable":true,"href":"https:\/\/gajos.sk\/eshop\/wp-json\/wp\/v2\/product_tag?post=326817"}],"curies":[{"name":"wp","href":"https:\/\/api.w.org\/{rel}","templated":true}]}}