{"id":326802,"date":"2024-03-01T17:51:17","date_gmt":"2024-03-01T16:51:17","guid":{"rendered":"https:\/\/gajostest.a2hosted.com\/eshop\/ansell-11-800-hyflex-foam\/"},"modified":"2026-04-23T21:03:18","modified_gmt":"2026-04-23T19:03:18","slug":"ansell-11-800-hyflex-foam","status":"publish","type":"product","link":"https:\/\/gajos.sk\/eshop\/p\/ansell-11-800-hyflex-foam\/","title":{"rendered":"ANSELL  11-800 HyFlex Foam"},"content":{"rendered":"","protected":false},"excerpt":{"rendered":"<p>Bez\u0161vov\u00e9 antistatick\u00e9 rukavice (pod\u013ea normy EN 1149\/2) z nylonov\u00e9ho \u00fapletu, s vrstvou penov\u00e9ho nitrilu v dlani a na prstoch a pru\u017en\u00fdm n\u00e1pletom, vhodn\u00e9 pre pr\u00e1ce v suchom a \u013eahko zaolejovanom prostred\u00ed, neobsahuj\u00fa silik\u00f3n.<\/p>\n","protected":false},"featured_media":326804,"template":"","meta":{"_acf_changed":false,"inline_featured_image":false},"product_brand":[],"product_cat":[2138,2137,2124],"product_tag":[1219],"class_list":{"0":"post-326802","1":"product","2":"type-product","3":"status-publish","4":"has-post-thumbnail","6":"product_cat-vrstvene-site-rukavice","7":"product_cat-macane-a-povrstvene","8":"product_cat-rukavice","9":"product_tag-ansell","10":"pa_velkost-3052","11":"pa_velkost-3057","12":"pa_velkost-3058","13":"pa_velkost-3062","14":"pa_velkost-3050","15":"pa_velkost-3051","17":"first","18":"instock","19":"taxable","20":"shipping-taxable","21":"purchasable","22":"product-type-variable"},"acf":[],"_links":{"self":[{"href":"https:\/\/gajos.sk\/eshop\/wp-json\/wp\/v2\/product\/326802","targetHints":{"allow":["GET"]}}],"collection":[{"href":"https:\/\/gajos.sk\/eshop\/wp-json\/wp\/v2\/product"}],"about":[{"href":"https:\/\/gajos.sk\/eshop\/wp-json\/wp\/v2\/types\/product"}],"wp:featuredmedia":[{"embeddable":true,"href":"https:\/\/gajos.sk\/eshop\/wp-json\/wp\/v2\/media\/326804"}],"wp:attachment":[{"href":"https:\/\/gajos.sk\/eshop\/wp-json\/wp\/v2\/media?parent=326802"}],"wp:term":[{"taxonomy":"product_brand","embeddable":true,"href":"https:\/\/gajos.sk\/eshop\/wp-json\/wp\/v2\/product_brand?post=326802"},{"taxonomy":"product_cat","embeddable":true,"href":"https:\/\/gajos.sk\/eshop\/wp-json\/wp\/v2\/product_cat?post=326802"},{"taxonomy":"product_tag","embeddable":true,"href":"https:\/\/gajos.sk\/eshop\/wp-json\/wp\/v2\/product_tag?post=326802"}],"curies":[{"name":"wp","href":"https:\/\/api.w.org\/{rel}","templated":true}]}}