{"id":326788,"date":"2024-03-01T17:51:08","date_gmt":"2024-03-01T16:51:08","guid":{"rendered":"https:\/\/gajostest.a2hosted.com\/eshop\/ansell-11-600-hyflex\/"},"modified":"2026-04-23T21:03:18","modified_gmt":"2026-04-23T19:03:18","slug":"ansell-11-600-hyflex","status":"publish","type":"product","link":"https:\/\/gajos.sk\/eshop\/p\/ansell-11-600-hyflex\/","title":{"rendered":"ANSELL  11-600 HyFlex"},"content":{"rendered":"","protected":false},"excerpt":{"rendered":"<p>Biele bez\u0161vov\u00e9 rukavice z nylonov\u00e9ho \u00fapletu, s pru\u017en\u00fdm n\u00e1pletom a vrstvou polyuret\u00e1nu v dlani a na prstoch, vhodn\u00e9 pre jemn\u00e9 a \u013eahk\u00e9 pr\u00e1ce v suchom prostred\u00ed.<\/p>\n","protected":false},"featured_media":326790,"template":"","meta":{"_acf_changed":false,"inline_featured_image":false},"product_brand":[],"product_cat":[2138,2137,2124],"product_tag":[1219],"class_list":{"0":"post-326788","1":"product","2":"type-product","3":"status-publish","4":"has-post-thumbnail","6":"product_cat-vrstvene-site-rukavice","7":"product_cat-macane-a-povrstvene","8":"product_cat-rukavice","9":"product_tag-ansell","10":"pa_velkost-3051","11":"pa_velkost-3052","12":"pa_velkost-3057","13":"pa_velkost-3058","14":"pa_velkost-3062","16":"first","17":"instock","18":"taxable","19":"shipping-taxable","20":"purchasable","21":"product-type-variable"},"acf":[],"_links":{"self":[{"href":"https:\/\/gajos.sk\/eshop\/wp-json\/wp\/v2\/product\/326788","targetHints":{"allow":["GET"]}}],"collection":[{"href":"https:\/\/gajos.sk\/eshop\/wp-json\/wp\/v2\/product"}],"about":[{"href":"https:\/\/gajos.sk\/eshop\/wp-json\/wp\/v2\/types\/product"}],"wp:featuredmedia":[{"embeddable":true,"href":"https:\/\/gajos.sk\/eshop\/wp-json\/wp\/v2\/media\/326790"}],"wp:attachment":[{"href":"https:\/\/gajos.sk\/eshop\/wp-json\/wp\/v2\/media?parent=326788"}],"wp:term":[{"taxonomy":"product_brand","embeddable":true,"href":"https:\/\/gajos.sk\/eshop\/wp-json\/wp\/v2\/product_brand?post=326788"},{"taxonomy":"product_cat","embeddable":true,"href":"https:\/\/gajos.sk\/eshop\/wp-json\/wp\/v2\/product_cat?post=326788"},{"taxonomy":"product_tag","embeddable":true,"href":"https:\/\/gajos.sk\/eshop\/wp-json\/wp\/v2\/product_tag?post=326788"}],"curies":[{"name":"wp","href":"https:\/\/api.w.org\/{rel}","templated":true}]}}