{"id":326728,"date":"2024-03-01T17:49:31","date_gmt":"2024-03-01T16:49:31","guid":{"rendered":"https:\/\/gajostest.a2hosted.com\/eshop\/babbler-ruk-nylon-upletnitril-blistr\/"},"modified":"2026-04-15T21:04:46","modified_gmt":"2026-04-15T19:04:46","slug":"babbler-ruk-nylon-upletnitril-blistr","status":"publish","type":"product","link":"https:\/\/gajos.sk\/eshop\/p\/babbler-ruk-nylon-upletnitril-blistr\/","title":{"rendered":"BABBLER ruk.nylon \u00faplet,nitril BLISTR"},"content":{"rendered":"","protected":false},"excerpt":{"rendered":"<p>Pleten\u00e9, bez\u0161vov\u00e9, nylonov\u00e9 rukavice s vrstvou mikropor\u00e9zneho nitrilu v dlani a na prstoch a pru\u017en\u00fdm n\u00e1pletom.<\/p>\n","protected":false},"featured_media":326730,"template":"","meta":{"_acf_changed":false,"inline_featured_image":false},"product_brand":[],"product_cat":[2138,2137,2124],"product_tag":[1179],"class_list":{"0":"post-326728","1":"product","2":"type-product","3":"status-publish","4":"has-post-thumbnail","6":"product_cat-vrstvene-site-rukavice","7":"product_cat-macane-a-povrstvene","8":"product_cat-rukavice","9":"product_tag-cerva","10":"pa_velkost-3058","11":"pa_velkost-3062","12":"pa_velkost-3050","13":"pa_velkost-3051","14":"pa_velkost-3052","15":"pa_velkost-3057","17":"first","18":"instock","19":"taxable","20":"shipping-taxable","21":"purchasable","22":"product-type-variable"},"acf":[],"_links":{"self":[{"href":"https:\/\/gajos.sk\/eshop\/wp-json\/wp\/v2\/product\/326728","targetHints":{"allow":["GET"]}}],"collection":[{"href":"https:\/\/gajos.sk\/eshop\/wp-json\/wp\/v2\/product"}],"about":[{"href":"https:\/\/gajos.sk\/eshop\/wp-json\/wp\/v2\/types\/product"}],"wp:featuredmedia":[{"embeddable":true,"href":"https:\/\/gajos.sk\/eshop\/wp-json\/wp\/v2\/media\/326730"}],"wp:attachment":[{"href":"https:\/\/gajos.sk\/eshop\/wp-json\/wp\/v2\/media?parent=326728"}],"wp:term":[{"taxonomy":"product_brand","embeddable":true,"href":"https:\/\/gajos.sk\/eshop\/wp-json\/wp\/v2\/product_brand?post=326728"},{"taxonomy":"product_cat","embeddable":true,"href":"https:\/\/gajos.sk\/eshop\/wp-json\/wp\/v2\/product_cat?post=326728"},{"taxonomy":"product_tag","embeddable":true,"href":"https:\/\/gajos.sk\/eshop\/wp-json\/wp\/v2\/product_tag?post=326728"}],"curies":[{"name":"wp","href":"https:\/\/api.w.org\/{rel}","templated":true}]}}