{"id":326555,"date":"2024-03-01T17:45:46","date_gmt":"2024-03-01T16:45:46","guid":{"rendered":"https:\/\/gajostest.a2hosted.com\/eshop\/ff-harrier-light-rukavice\/"},"modified":"2026-04-17T21:09:54","modified_gmt":"2026-04-17T19:09:54","slug":"ff-harrier-light-rukavice","status":"publish","type":"product","link":"https:\/\/gajos.sk\/eshop\/p\/ff-harrier-light-rukavice\/","title":{"rendered":"FF HARRIER LIGHT rukavice"},"content":{"rendered":"","protected":false},"excerpt":{"rendered":"<p>\u0160it\u00e9 rukavice z bavlny, m\u00e1\u010dan\u00e9 v nitrile, s pru\u017en\u00fdm n\u00e1pletom na z\u00e1p\u00e4st\u00ed.<\/p>\n","protected":false},"featured_media":326557,"template":"","meta":{"_acf_changed":false,"inline_featured_image":false},"product_brand":[],"product_cat":[2137,2139,2124],"product_tag":[1228],"class_list":{"0":"post-326555","1":"product","2":"type-product","3":"status-publish","4":"has-post-thumbnail","6":"product_cat-macane-a-povrstvene","7":"product_cat-macane-site-rukavice","8":"product_cat-rukavice","9":"product_tag-fridrich-fridrich","10":"pa_velkost-3057","11":"pa_velkost-3058","12":"pa_velkost-3051","13":"pa_velkost-3052","15":"first","16":"instock","17":"taxable","18":"shipping-taxable","19":"purchasable","20":"product-type-variable"},"acf":[],"_links":{"self":[{"href":"https:\/\/gajos.sk\/eshop\/wp-json\/wp\/v2\/product\/326555","targetHints":{"allow":["GET"]}}],"collection":[{"href":"https:\/\/gajos.sk\/eshop\/wp-json\/wp\/v2\/product"}],"about":[{"href":"https:\/\/gajos.sk\/eshop\/wp-json\/wp\/v2\/types\/product"}],"wp:featuredmedia":[{"embeddable":true,"href":"https:\/\/gajos.sk\/eshop\/wp-json\/wp\/v2\/media\/326557"}],"wp:attachment":[{"href":"https:\/\/gajos.sk\/eshop\/wp-json\/wp\/v2\/media?parent=326555"}],"wp:term":[{"taxonomy":"product_brand","embeddable":true,"href":"https:\/\/gajos.sk\/eshop\/wp-json\/wp\/v2\/product_brand?post=326555"},{"taxonomy":"product_cat","embeddable":true,"href":"https:\/\/gajos.sk\/eshop\/wp-json\/wp\/v2\/product_cat?post=326555"},{"taxonomy":"product_tag","embeddable":true,"href":"https:\/\/gajos.sk\/eshop\/wp-json\/wp\/v2\/product_tag?post=326555"}],"curies":[{"name":"wp","href":"https:\/\/api.w.org\/{rel}","templated":true}]}}