{"id":326552,"date":"2024-03-01T17:45:46","date_gmt":"2024-03-01T16:45:46","guid":{"rendered":"https:\/\/gajostest.a2hosted.com\/eshop\/ff-swift-light-rukavice\/"},"modified":"2026-04-25T21:03:30","modified_gmt":"2026-04-25T19:03:30","slug":"ff-swift-light-rukavice","status":"publish","type":"product","link":"https:\/\/gajos.sk\/eshop\/p\/ff-swift-light-rukavice\/","title":{"rendered":"FF SWIFT LIGHT rukavice"},"content":{"rendered":"","protected":false},"excerpt":{"rendered":"<p>\u0160it\u00e9 rukavice z bavlny, m\u00e1\u010dan\u00e9 v nitrile, s pevnou man\u017eetou.<\/p>\n","protected":false},"featured_media":326554,"template":"","meta":{"_acf_changed":false,"inline_featured_image":false},"product_brand":[],"product_cat":[2137,2139,2124],"product_tag":[1228],"class_list":{"0":"post-326552","1":"product","2":"type-product","3":"status-publish","4":"has-post-thumbnail","6":"product_cat-macane-a-povrstvene","7":"product_cat-macane-site-rukavice","8":"product_cat-rukavice","9":"product_tag-fridrich-fridrich","10":"pa_velkost-3051","12":"first","13":"instock","14":"taxable","15":"shipping-taxable","16":"purchasable","17":"product-type-variable"},"acf":[],"_links":{"self":[{"href":"https:\/\/gajos.sk\/eshop\/wp-json\/wp\/v2\/product\/326552","targetHints":{"allow":["GET"]}}],"collection":[{"href":"https:\/\/gajos.sk\/eshop\/wp-json\/wp\/v2\/product"}],"about":[{"href":"https:\/\/gajos.sk\/eshop\/wp-json\/wp\/v2\/types\/product"}],"wp:featuredmedia":[{"embeddable":true,"href":"https:\/\/gajos.sk\/eshop\/wp-json\/wp\/v2\/media\/326554"}],"wp:attachment":[{"href":"https:\/\/gajos.sk\/eshop\/wp-json\/wp\/v2\/media?parent=326552"}],"wp:term":[{"taxonomy":"product_brand","embeddable":true,"href":"https:\/\/gajos.sk\/eshop\/wp-json\/wp\/v2\/product_brand?post=326552"},{"taxonomy":"product_cat","embeddable":true,"href":"https:\/\/gajos.sk\/eshop\/wp-json\/wp\/v2\/product_cat?post=326552"},{"taxonomy":"product_tag","embeddable":true,"href":"https:\/\/gajos.sk\/eshop\/wp-json\/wp\/v2\/product_tag?post=326552"}],"curies":[{"name":"wp","href":"https:\/\/api.w.org\/{rel}","templated":true}]}}