{"id":326501,"date":"2024-03-01T17:45:25","date_gmt":"2024-03-01T16:45:25","guid":{"rendered":"https:\/\/gajostest.a2hosted.com\/eshop\/ansell-47-409-hylite\/"},"modified":"2026-04-24T21:04:11","modified_gmt":"2026-04-24T19:04:11","slug":"ansell-47-409-hylite","status":"publish","type":"product","link":"https:\/\/gajos.sk\/eshop\/p\/ansell-47-409-hylite\/","title":{"rendered":"ANSELL  47-409 Hylite"},"content":{"rendered":"","protected":false},"excerpt":{"rendered":"<p>Pro v\u011bt\u0161\u00ed pohodl\u00ed jsou rukavice Hylite vybaveny pletenou pod\u0161\u00edvkou, velkorys\u00fdmi rozm\u011bry a ergonomick\u00fdm designem<\/p>\n<p>    Speci\u00e1ln\u00ed nitrilov\u00e9 slo\u017een\u00ed poskytuje v\u00fdbornou kombinaci pru\u017enosti, mechanick\u00e9 odolnosti a odpuzov\u00e1n\u00ed oleje<\/p>\n<p>    P\u0159irozen\u00fd tvar dle ruky \u2013 snadn\u011bj\u0161\u00ed na no\u0161en\u00ed po dlouhou dobu<\/p>\n<p>    Jsou dod\u00e1v\u00e1ny v \u0161irok\u00e9 \u0161k\u00e1le styl\u016f, d\u00e9lek a velikost\u00ed<\/p>\n<p>    Bez silikonu. Zaji\u0161\u0165uje \u010distotu kovov\u00fdch plech\u016f: d\u016fle\u017eit\u00e9 v ocel\u00e1\u0159sk\u00e9m a automobilov\u00e9m pr\u016fmyslu<\/p>\n","protected":false},"featured_media":326503,"template":"","meta":{"_acf_changed":false,"inline_featured_image":false},"product_brand":[],"product_cat":[2137,2139,2124],"product_tag":[1219],"class_list":{"0":"post-326501","1":"product","2":"type-product","3":"status-publish","4":"has-post-thumbnail","6":"product_cat-macane-a-povrstvene","7":"product_cat-macane-site-rukavice","8":"product_cat-rukavice","9":"product_tag-ansell","10":"pa_velkost-3051","11":"pa_velkost-3052","12":"pa_velkost-3057","13":"pa_velkost-3058","15":"first","16":"instock","17":"taxable","18":"shipping-taxable","19":"purchasable","20":"product-type-variable"},"acf":[],"_links":{"self":[{"href":"https:\/\/gajos.sk\/eshop\/wp-json\/wp\/v2\/product\/326501","targetHints":{"allow":["GET"]}}],"collection":[{"href":"https:\/\/gajos.sk\/eshop\/wp-json\/wp\/v2\/product"}],"about":[{"href":"https:\/\/gajos.sk\/eshop\/wp-json\/wp\/v2\/types\/product"}],"wp:featuredmedia":[{"embeddable":true,"href":"https:\/\/gajos.sk\/eshop\/wp-json\/wp\/v2\/media\/326503"}],"wp:attachment":[{"href":"https:\/\/gajos.sk\/eshop\/wp-json\/wp\/v2\/media?parent=326501"}],"wp:term":[{"taxonomy":"product_brand","embeddable":true,"href":"https:\/\/gajos.sk\/eshop\/wp-json\/wp\/v2\/product_brand?post=326501"},{"taxonomy":"product_cat","embeddable":true,"href":"https:\/\/gajos.sk\/eshop\/wp-json\/wp\/v2\/product_cat?post=326501"},{"taxonomy":"product_tag","embeddable":true,"href":"https:\/\/gajos.sk\/eshop\/wp-json\/wp\/v2\/product_tag?post=326501"}],"curies":[{"name":"wp","href":"https:\/\/api.w.org\/{rel}","templated":true}]}}