{"id":326472,"date":"2024-03-01T17:45:14","date_gmt":"2024-03-01T16:45:14","guid":{"rendered":"https:\/\/gajostest.a2hosted.com\/eshop\/ansell-27-805-hycron\/"},"modified":"2026-04-23T21:03:18","modified_gmt":"2026-04-23T19:03:18","slug":"ansell-27-805-hycron","status":"publish","type":"product","link":"https:\/\/gajos.sk\/eshop\/p\/ansell-27-805-hycron\/","title":{"rendered":"ANSELL  27-805 Hycron"},"content":{"rendered":"","protected":false},"excerpt":{"rendered":"<p>Antistatick\u00e9 rukavice \u0161it\u00e9 z bavlnen\u00e9ho \u00fapletu, m\u00e1\u010dan\u00e9 v nitrile, s pevnou man\u017eetou, vhodn\u00e9 pre manipul\u00e1ciu s abraz\u00edvnymi materi\u00e1lmi (odliatky, zv\u00e1rkov\u00e1 oce\u013e, tehly, apod.)<\/p>\n","protected":false},"featured_media":326474,"template":"","meta":{"_acf_changed":false,"inline_featured_image":false},"product_brand":[],"product_cat":[2137,2139,2124],"product_tag":[1219],"class_list":{"0":"post-326472","1":"product","2":"type-product","3":"status-publish","4":"has-post-thumbnail","6":"product_cat-macane-a-povrstvene","7":"product_cat-macane-site-rukavice","8":"product_cat-rukavice","9":"product_tag-ansell","10":"pa_velkost-3050","11":"pa_velkost-3051","12":"pa_velkost-3052","14":"first","15":"instock","16":"taxable","17":"shipping-taxable","18":"purchasable","19":"product-type-variable"},"acf":[],"_links":{"self":[{"href":"https:\/\/gajos.sk\/eshop\/wp-json\/wp\/v2\/product\/326472","targetHints":{"allow":["GET"]}}],"collection":[{"href":"https:\/\/gajos.sk\/eshop\/wp-json\/wp\/v2\/product"}],"about":[{"href":"https:\/\/gajos.sk\/eshop\/wp-json\/wp\/v2\/types\/product"}],"wp:featuredmedia":[{"embeddable":true,"href":"https:\/\/gajos.sk\/eshop\/wp-json\/wp\/v2\/media\/326474"}],"wp:attachment":[{"href":"https:\/\/gajos.sk\/eshop\/wp-json\/wp\/v2\/media?parent=326472"}],"wp:term":[{"taxonomy":"product_brand","embeddable":true,"href":"https:\/\/gajos.sk\/eshop\/wp-json\/wp\/v2\/product_brand?post=326472"},{"taxonomy":"product_cat","embeddable":true,"href":"https:\/\/gajos.sk\/eshop\/wp-json\/wp\/v2\/product_cat?post=326472"},{"taxonomy":"product_tag","embeddable":true,"href":"https:\/\/gajos.sk\/eshop\/wp-json\/wp\/v2\/product_tag?post=326472"}],"curies":[{"name":"wp","href":"https:\/\/api.w.org\/{rel}","templated":true}]}}