{"id":326449,"date":"2024-03-01T17:45:03","date_gmt":"2024-03-01T16:45:03","guid":{"rendered":"https:\/\/gajostest.a2hosted.com\/eshop\/ansell-16-500-gladiator\/"},"modified":"2026-04-24T21:04:10","modified_gmt":"2026-04-24T19:04:10","slug":"ansell-16-500-gladiator","status":"publish","type":"product","link":"https:\/\/gajos.sk\/eshop\/p\/ansell-16-500-gladiator\/","title":{"rendered":"ANSELL  16-500 Gladiator"},"content":{"rendered":"","protected":false},"excerpt":{"rendered":"<p>Rukavice \u0161it\u00e9 z bavlnen\u00e9ho \u00fapletu, dla\u0148 a prsty m\u00e1\u010dan\u00e9 v kau\u010duku, s proti\u0161mykovou \u00fapravou a n\u00e1pletom na z\u00e1p\u00e4st\u00ed.<\/p>\n","protected":false},"featured_media":326451,"template":"","meta":{"_acf_changed":false,"inline_featured_image":false},"product_brand":[],"product_cat":[2137,2139,2124],"product_tag":[1219],"class_list":{"0":"post-326449","1":"product","2":"type-product","3":"status-publish","4":"has-post-thumbnail","6":"product_cat-macane-a-povrstvene","7":"product_cat-macane-site-rukavice","8":"product_cat-rukavice","9":"product_tag-ansell","10":"pa_velkost-3051","11":"pa_velkost-3052","12":"pa_velkost-3057","13":"pa_velkost-3058","15":"first","16":"instock","17":"taxable","18":"shipping-taxable","19":"purchasable","20":"product-type-variable"},"acf":[],"_links":{"self":[{"href":"https:\/\/gajos.sk\/eshop\/wp-json\/wp\/v2\/product\/326449","targetHints":{"allow":["GET"]}}],"collection":[{"href":"https:\/\/gajos.sk\/eshop\/wp-json\/wp\/v2\/product"}],"about":[{"href":"https:\/\/gajos.sk\/eshop\/wp-json\/wp\/v2\/types\/product"}],"wp:featuredmedia":[{"embeddable":true,"href":"https:\/\/gajos.sk\/eshop\/wp-json\/wp\/v2\/media\/326451"}],"wp:attachment":[{"href":"https:\/\/gajos.sk\/eshop\/wp-json\/wp\/v2\/media?parent=326449"}],"wp:term":[{"taxonomy":"product_brand","embeddable":true,"href":"https:\/\/gajos.sk\/eshop\/wp-json\/wp\/v2\/product_brand?post=326449"},{"taxonomy":"product_cat","embeddable":true,"href":"https:\/\/gajos.sk\/eshop\/wp-json\/wp\/v2\/product_cat?post=326449"},{"taxonomy":"product_tag","embeddable":true,"href":"https:\/\/gajos.sk\/eshop\/wp-json\/wp\/v2\/product_tag?post=326449"}],"curies":[{"name":"wp","href":"https:\/\/api.w.org\/{rel}","templated":true}]}}