{"id":326442,"date":"2024-03-01T17:43:59","date_gmt":"2024-03-01T16:43:59","guid":{"rendered":"https:\/\/gajostest.a2hosted.com\/eshop\/redstart-45-rukavice-pvc-45-cm\/"},"modified":"2026-04-16T22:08:52","modified_gmt":"2026-04-16T20:08:52","slug":"redstart-45-rukavice-pvc-45-cm","status":"publish","type":"product","link":"https:\/\/gajos.sk\/eshop\/p\/redstart-45-rukavice-pvc-45-cm\/","title":{"rendered":"REDSTART 45 rukavice PVC &#8211; 45 cm"},"content":{"rendered":"","protected":false},"excerpt":{"rendered":"<p>Rukavice \u0161it\u00e9 z bavlnen\u00e9ho \u00fapletu, m\u00e1\u010dan\u00e9 v PVC, v celkov\u00fdch d\u013a\u017ekach 45 cm.<\/p>\n","protected":false},"featured_media":326444,"template":"","meta":{"_acf_changed":false,"inline_featured_image":false},"product_brand":[],"product_cat":[2137,2139,2124],"product_tag":[1179],"class_list":{"0":"post-326442","1":"product","2":"type-product","3":"status-publish","4":"has-post-thumbnail","6":"product_cat-macane-a-povrstvene","7":"product_cat-macane-site-rukavice","8":"product_cat-rukavice","9":"product_tag-cerva","10":"pa_velkost-3051","12":"first","13":"instock","14":"taxable","15":"shipping-taxable","16":"purchasable","17":"product-type-variable"},"acf":[],"_links":{"self":[{"href":"https:\/\/gajos.sk\/eshop\/wp-json\/wp\/v2\/product\/326442","targetHints":{"allow":["GET"]}}],"collection":[{"href":"https:\/\/gajos.sk\/eshop\/wp-json\/wp\/v2\/product"}],"about":[{"href":"https:\/\/gajos.sk\/eshop\/wp-json\/wp\/v2\/types\/product"}],"wp:featuredmedia":[{"embeddable":true,"href":"https:\/\/gajos.sk\/eshop\/wp-json\/wp\/v2\/media\/326444"}],"wp:attachment":[{"href":"https:\/\/gajos.sk\/eshop\/wp-json\/wp\/v2\/media?parent=326442"}],"wp:term":[{"taxonomy":"product_brand","embeddable":true,"href":"https:\/\/gajos.sk\/eshop\/wp-json\/wp\/v2\/product_brand?post=326442"},{"taxonomy":"product_cat","embeddable":true,"href":"https:\/\/gajos.sk\/eshop\/wp-json\/wp\/v2\/product_cat?post=326442"},{"taxonomy":"product_tag","embeddable":true,"href":"https:\/\/gajos.sk\/eshop\/wp-json\/wp\/v2\/product_tag?post=326442"}],"curies":[{"name":"wp","href":"https:\/\/api.w.org\/{rel}","templated":true}]}}