{"id":326405,"date":"2024-03-01T17:43:42","date_gmt":"2024-03-01T16:43:42","guid":{"rendered":"https:\/\/gajostest.a2hosted.com\/eshop\/harrier-rukavice-nitril-modre\/"},"modified":"2026-04-14T21:06:53","modified_gmt":"2026-04-14T19:06:53","slug":"harrier-rukavice-nitril-modre","status":"publish","type":"product","link":"https:\/\/gajos.sk\/eshop\/p\/harrier-rukavice-nitril-modre\/","title":{"rendered":"HARRIER RUKAVICE NITRIL MODR\u00c9"},"content":{"rendered":"","protected":false},"excerpt":{"rendered":"<p>Modr\u00e9 rukavice \u0161it\u00e9 z bavlnen\u00e9ho \u00fapletu, polom\u00e1\u010dan\u00e9 v nitrile, s pru\u017en\u00fdm n\u00e1pletom.<\/p>\n","protected":false},"featured_media":326407,"template":"","meta":{"_acf_changed":false,"inline_featured_image":false},"product_brand":[],"product_cat":[2139,2137,2124],"product_tag":[1179],"class_list":{"0":"post-326405","1":"product","2":"type-product","3":"status-publish","4":"has-post-thumbnail","6":"product_cat-macane-site-rukavice","7":"product_cat-macane-a-povrstvene","8":"product_cat-rukavice","9":"product_tag-cerva","10":"pa_velkost-3050","11":"pa_velkost-3051","12":"pa_velkost-3052","13":"pa_velkost-3057","14":"pa_velkost-3058","16":"first","17":"instock","18":"taxable","19":"shipping-taxable","20":"purchasable","21":"product-type-variable"},"acf":[],"_links":{"self":[{"href":"https:\/\/gajos.sk\/eshop\/wp-json\/wp\/v2\/product\/326405","targetHints":{"allow":["GET"]}}],"collection":[{"href":"https:\/\/gajos.sk\/eshop\/wp-json\/wp\/v2\/product"}],"about":[{"href":"https:\/\/gajos.sk\/eshop\/wp-json\/wp\/v2\/types\/product"}],"wp:featuredmedia":[{"embeddable":true,"href":"https:\/\/gajos.sk\/eshop\/wp-json\/wp\/v2\/media\/326407"}],"wp:attachment":[{"href":"https:\/\/gajos.sk\/eshop\/wp-json\/wp\/v2\/media?parent=326405"}],"wp:term":[{"taxonomy":"product_brand","embeddable":true,"href":"https:\/\/gajos.sk\/eshop\/wp-json\/wp\/v2\/product_brand?post=326405"},{"taxonomy":"product_cat","embeddable":true,"href":"https:\/\/gajos.sk\/eshop\/wp-json\/wp\/v2\/product_cat?post=326405"},{"taxonomy":"product_tag","embeddable":true,"href":"https:\/\/gajos.sk\/eshop\/wp-json\/wp\/v2\/product_tag?post=326405"}],"curies":[{"name":"wp","href":"https:\/\/api.w.org\/{rel}","templated":true}]}}