{"id":326401,"date":"2024-03-01T17:43:42","date_gmt":"2024-03-01T16:43:42","guid":{"rendered":"https:\/\/gajostest.a2hosted.com\/eshop\/coot-s-blistrom-normal\/"},"modified":"2026-05-01T21:03:20","modified_gmt":"2026-05-01T19:03:20","slug":"coot-s-blistrom-normal","status":"publish","type":"product","link":"https:\/\/gajos.sk\/eshop\/p\/coot-s-blistrom-normal\/","title":{"rendered":"COOT s blistrom Normal"},"content":{"rendered":"","protected":false},"excerpt":{"rendered":"<p>Zelen\u00e9 rukavice \u0161it\u00e9 z bavlnen\u00e9ho \u00fapletu, s proti\u0161mykov\u00fdm povrchom, pru\u017en\u00fdm n\u00e1pletom na z\u00e1p\u00e4st\u00ed a m\u00e1\u010dan\u00fdmi dla\u0148ami a prstami v kau\u010duku.<\/p>\n","protected":false},"featured_media":326403,"template":"","meta":{"_acf_changed":false,"inline_featured_image":false},"product_brand":[],"product_cat":[2137,2139,2124],"product_tag":[1179],"class_list":{"0":"post-326401","1":"product","2":"type-product","3":"status-publish","4":"has-post-thumbnail","6":"product_cat-macane-a-povrstvene","7":"product_cat-macane-site-rukavice","8":"product_cat-rukavice","9":"product_tag-cerva","10":"pa_velkost-3051","11":"pa_velkost-3057","13":"first","14":"instock","15":"taxable","16":"shipping-taxable","17":"purchasable","18":"product-type-variable"},"acf":[],"_links":{"self":[{"href":"https:\/\/gajos.sk\/eshop\/wp-json\/wp\/v2\/product\/326401","targetHints":{"allow":["GET"]}}],"collection":[{"href":"https:\/\/gajos.sk\/eshop\/wp-json\/wp\/v2\/product"}],"about":[{"href":"https:\/\/gajos.sk\/eshop\/wp-json\/wp\/v2\/types\/product"}],"wp:featuredmedia":[{"embeddable":true,"href":"https:\/\/gajos.sk\/eshop\/wp-json\/wp\/v2\/media\/326403"}],"wp:attachment":[{"href":"https:\/\/gajos.sk\/eshop\/wp-json\/wp\/v2\/media?parent=326401"}],"wp:term":[{"taxonomy":"product_brand","embeddable":true,"href":"https:\/\/gajos.sk\/eshop\/wp-json\/wp\/v2\/product_brand?post=326401"},{"taxonomy":"product_cat","embeddable":true,"href":"https:\/\/gajos.sk\/eshop\/wp-json\/wp\/v2\/product_cat?post=326401"},{"taxonomy":"product_tag","embeddable":true,"href":"https:\/\/gajos.sk\/eshop\/wp-json\/wp\/v2\/product_tag?post=326401"}],"curies":[{"name":"wp","href":"https:\/\/api.w.org\/{rel}","templated":true}]}}