{"id":326394,"date":"2024-03-01T17:43:38","date_gmt":"2024-03-01T16:43:38","guid":{"rendered":"https:\/\/gajostest.a2hosted.com\/eshop\/twite-rukavice-latexove-drsne-naplet\/"},"modified":"2026-05-01T21:03:20","modified_gmt":"2026-05-01T19:03:20","slug":"twite-rukavice-latexove-drsne-naplet","status":"publish","type":"product","link":"https:\/\/gajos.sk\/eshop\/p\/twite-rukavice-latexove-drsne-naplet\/","title":{"rendered":"TWITE rukavice latexov\u00e9 drsn\u00e9 &#8211; n\u00e1plet"},"content":{"rendered":"","protected":false},"excerpt":{"rendered":"<p>\u017dlt\u00e9 rukavice \u0161it\u00e9 z bavlny, polom\u00e1\u010dan\u00e9 v pr\u00edrodnom latexe, s proti\u0161mykovou \u00fapravou v dlani a na prstoch.<\/p>\n","protected":false},"featured_media":326396,"template":"","meta":{"_acf_changed":false,"inline_featured_image":false},"product_brand":[],"product_cat":[2137,2139,2124],"product_tag":[1179],"class_list":{"0":"post-326394","1":"product","2":"type-product","3":"status-publish","4":"has-post-thumbnail","6":"product_cat-macane-a-povrstvene","7":"product_cat-macane-site-rukavice","8":"product_cat-rukavice","9":"product_tag-cerva","10":"pa_velkost-3057","11":"pa_velkost-3051","12":"pa_velkost-3052","14":"first","15":"instock","16":"taxable","17":"shipping-taxable","18":"purchasable","19":"product-type-variable"},"acf":[],"_links":{"self":[{"href":"https:\/\/gajos.sk\/eshop\/wp-json\/wp\/v2\/product\/326394","targetHints":{"allow":["GET"]}}],"collection":[{"href":"https:\/\/gajos.sk\/eshop\/wp-json\/wp\/v2\/product"}],"about":[{"href":"https:\/\/gajos.sk\/eshop\/wp-json\/wp\/v2\/types\/product"}],"wp:featuredmedia":[{"embeddable":true,"href":"https:\/\/gajos.sk\/eshop\/wp-json\/wp\/v2\/media\/326396"}],"wp:attachment":[{"href":"https:\/\/gajos.sk\/eshop\/wp-json\/wp\/v2\/media?parent=326394"}],"wp:term":[{"taxonomy":"product_brand","embeddable":true,"href":"https:\/\/gajos.sk\/eshop\/wp-json\/wp\/v2\/product_brand?post=326394"},{"taxonomy":"product_cat","embeddable":true,"href":"https:\/\/gajos.sk\/eshop\/wp-json\/wp\/v2\/product_cat?post=326394"},{"taxonomy":"product_tag","embeddable":true,"href":"https:\/\/gajos.sk\/eshop\/wp-json\/wp\/v2\/product_tag?post=326394"}],"curies":[{"name":"wp","href":"https:\/\/api.w.org\/{rel}","templated":true}]}}