{"id":326377,"date":"2024-03-01T17:43:31","date_gmt":"2024-03-01T16:43:31","guid":{"rendered":"https:\/\/gajostest.a2hosted.com\/eshop\/nightjar-blistr-ruk-zimnepolomac-latex\/"},"modified":"2026-04-11T17:46:51","modified_gmt":"2026-04-11T15:46:51","slug":"nightjar-blistr-ruk-zimnepolomac-latex","status":"publish","type":"product","link":"https:\/\/gajos.sk\/eshop\/p\/nightjar-blistr-ruk-zimnepolomac-latex\/","title":{"rendered":"NIGHTJAR blistr ruk.zimn\u00e9,polom\u00e1\u010d.latex"},"content":{"rendered":"","protected":false},"excerpt":{"rendered":"<p>Pleten\u00e9, bez\u0161vov\u00e9, akrylov\u00e9 rukavice, polom\u00e1\u010dan\u00e9 v pr\u00edrodnom latexe, so zdrsnenou dla\u0148ou.<\/p>\n","protected":false},"featured_media":326379,"template":"","meta":{"_acf_changed":false,"inline_featured_image":false},"product_brand":[],"product_cat":[2175],"product_tag":[1179],"class_list":{"0":"post-326377","1":"product","2":"type-product","3":"status-publish","4":"has-post-thumbnail","6":"product_cat-produkty","7":"product_tag-cerva","8":"pa_velkost-3057","9":"pa_velkost-3051","11":"first","12":"instock","13":"taxable","14":"shipping-taxable","15":"product-type-variable"},"acf":[],"_links":{"self":[{"href":"https:\/\/gajos.sk\/eshop\/wp-json\/wp\/v2\/product\/326377","targetHints":{"allow":["GET"]}}],"collection":[{"href":"https:\/\/gajos.sk\/eshop\/wp-json\/wp\/v2\/product"}],"about":[{"href":"https:\/\/gajos.sk\/eshop\/wp-json\/wp\/v2\/types\/product"}],"wp:featuredmedia":[{"embeddable":true,"href":"https:\/\/gajos.sk\/eshop\/wp-json\/wp\/v2\/media\/326379"}],"wp:attachment":[{"href":"https:\/\/gajos.sk\/eshop\/wp-json\/wp\/v2\/media?parent=326377"}],"wp:term":[{"taxonomy":"product_brand","embeddable":true,"href":"https:\/\/gajos.sk\/eshop\/wp-json\/wp\/v2\/product_brand?post=326377"},{"taxonomy":"product_cat","embeddable":true,"href":"https:\/\/gajos.sk\/eshop\/wp-json\/wp\/v2\/product_cat?post=326377"},{"taxonomy":"product_tag","embeddable":true,"href":"https:\/\/gajos.sk\/eshop\/wp-json\/wp\/v2\/product_tag?post=326377"}],"curies":[{"name":"wp","href":"https:\/\/api.w.org\/{rel}","templated":true}]}}