{"id":326371,"date":"2024-03-01T17:43:26","date_gmt":"2024-03-01T16:43:26","guid":{"rendered":"https:\/\/gajostest.a2hosted.com\/eshop\/nightjar-ruk-zimne-acrylpolomac-latex\/"},"modified":"2026-05-07T21:02:51","modified_gmt":"2026-05-07T19:02:51","slug":"nightjar-ruk-zimne-acrylpolomac-latex","status":"publish","type":"product","link":"https:\/\/gajos.sk\/eshop\/p\/nightjar-ruk-zimne-acrylpolomac-latex\/","title":{"rendered":"NIGHTJAR ruk.zimn\u00e9-acryl,polom\u00e1\u010d.latex"},"content":{"rendered":"","protected":false},"excerpt":{"rendered":"<p>Pleten\u00e9, bez\u0161vov\u00e9, akrylov\u00e9 rukavice, polom\u00e1\u010dan\u00e9 v pr\u00edrodnom latexe, so zdrsnenou dla\u0148ou.<\/p>\n","protected":false},"featured_media":326373,"template":"","meta":{"_acf_changed":false,"inline_featured_image":false},"product_brand":[],"product_cat":[2175],"product_tag":[1179],"class_list":{"0":"post-326371","1":"product","2":"type-product","3":"status-publish","4":"has-post-thumbnail","6":"product_cat-produkty","7":"product_tag-cerva","8":"pa_velkost-3050","9":"pa_velkost-3051","10":"pa_velkost-3052","11":"pa_velkost-3057","13":"first","14":"instock","15":"taxable","16":"shipping-taxable","17":"purchasable","18":"product-type-variable"},"acf":[],"_links":{"self":[{"href":"https:\/\/gajos.sk\/eshop\/wp-json\/wp\/v2\/product\/326371","targetHints":{"allow":["GET"]}}],"collection":[{"href":"https:\/\/gajos.sk\/eshop\/wp-json\/wp\/v2\/product"}],"about":[{"href":"https:\/\/gajos.sk\/eshop\/wp-json\/wp\/v2\/types\/product"}],"wp:featuredmedia":[{"embeddable":true,"href":"https:\/\/gajos.sk\/eshop\/wp-json\/wp\/v2\/media\/326373"}],"wp:attachment":[{"href":"https:\/\/gajos.sk\/eshop\/wp-json\/wp\/v2\/media?parent=326371"}],"wp:term":[{"taxonomy":"product_brand","embeddable":true,"href":"https:\/\/gajos.sk\/eshop\/wp-json\/wp\/v2\/product_brand?post=326371"},{"taxonomy":"product_cat","embeddable":true,"href":"https:\/\/gajos.sk\/eshop\/wp-json\/wp\/v2\/product_cat?post=326371"},{"taxonomy":"product_tag","embeddable":true,"href":"https:\/\/gajos.sk\/eshop\/wp-json\/wp\/v2\/product_tag?post=326371"}],"curies":[{"name":"wp","href":"https:\/\/api.w.org\/{rel}","templated":true}]}}