{"id":326358,"date":"2024-03-01T17:43:21","date_gmt":"2024-03-01T16:43:21","guid":{"rendered":"https:\/\/gajostest.a2hosted.com\/eshop\/ff-bustard-evo-light-rukavice\/"},"modified":"2026-04-17T21:09:53","modified_gmt":"2026-04-17T19:09:53","slug":"ff-bustard-evo-light-rukavice","status":"publish","type":"product","link":"https:\/\/gajos.sk\/eshop\/p\/ff-bustard-evo-light-rukavice\/","title":{"rendered":"FF BUSTARD EVO LIGHT rukavice"},"content":{"rendered":"","protected":false},"excerpt":{"rendered":"<p>Bez\u0161vov\u00e9 rukavice z polyesteru s PVC ter\u010d\u00edkmi v dlani. Pru\u017en\u00e1 man\u017eeta.<\/p>\n","protected":false},"featured_media":326360,"template":"","meta":{"_acf_changed":false,"inline_featured_image":false},"product_brand":[],"product_cat":[2137,2155,2124],"product_tag":[1228],"class_list":{"0":"post-326358","1":"product","2":"type-product","3":"status-publish","4":"has-post-thumbnail","6":"product_cat-macane-a-povrstvene","7":"product_cat-vrstvene-bezsvove-rukavice","8":"product_cat-rukavice","9":"product_tag-fridrich-fridrich","10":"pa_velkost-3057","11":"pa_velkost-3058","12":"pa_velkost-3062","13":"pa_velkost-3050","14":"pa_velkost-3051","15":"pa_velkost-3052","16":"pa_velkost-3054","18":"first","19":"instock","20":"taxable","21":"shipping-taxable","22":"purchasable","23":"product-type-variable"},"acf":[],"_links":{"self":[{"href":"https:\/\/gajos.sk\/eshop\/wp-json\/wp\/v2\/product\/326358","targetHints":{"allow":["GET"]}}],"collection":[{"href":"https:\/\/gajos.sk\/eshop\/wp-json\/wp\/v2\/product"}],"about":[{"href":"https:\/\/gajos.sk\/eshop\/wp-json\/wp\/v2\/types\/product"}],"wp:featuredmedia":[{"embeddable":true,"href":"https:\/\/gajos.sk\/eshop\/wp-json\/wp\/v2\/media\/326360"}],"wp:attachment":[{"href":"https:\/\/gajos.sk\/eshop\/wp-json\/wp\/v2\/media?parent=326358"}],"wp:term":[{"taxonomy":"product_brand","embeddable":true,"href":"https:\/\/gajos.sk\/eshop\/wp-json\/wp\/v2\/product_brand?post=326358"},{"taxonomy":"product_cat","embeddable":true,"href":"https:\/\/gajos.sk\/eshop\/wp-json\/wp\/v2\/product_cat?post=326358"},{"taxonomy":"product_tag","embeddable":true,"href":"https:\/\/gajos.sk\/eshop\/wp-json\/wp\/v2\/product_tag?post=326358"}],"curies":[{"name":"wp","href":"https:\/\/api.w.org\/{rel}","templated":true}]}}