{"id":326340,"date":"2024-03-01T17:43:14","date_gmt":"2024-03-01T16:43:14","guid":{"rendered":"https:\/\/gajostest.a2hosted.com\/eshop\/ff-quail-light-blister-rukavice\/"},"modified":"2026-04-11T17:46:51","modified_gmt":"2026-04-11T15:46:51","slug":"ff-quail-light-blister-rukavice","status":"publish","type":"product","link":"https:\/\/gajos.sk\/eshop\/p\/ff-quail-light-blister-rukavice\/","title":{"rendered":"FF QUAIL LIGHT blister rukavice"},"content":{"rendered":"","protected":false},"excerpt":{"rendered":"<p>Pleten\u00e9 bez\u0161vov\u00e9 rukavice zo zmesi polyester\/bavlna, s PVC ter\u010d\u00edkmi v dlani, na chrbte a prstoch.<\/p>\n","protected":false},"featured_media":326342,"template":"","meta":{"_acf_changed":false,"inline_featured_image":false},"product_brand":[],"product_cat":[2137,2155,2124],"product_tag":[1228],"class_list":{"0":"post-326340","1":"product","2":"type-product","3":"status-publish","4":"has-post-thumbnail","6":"product_cat-macane-a-povrstvene","7":"product_cat-vrstvene-bezsvove-rukavice","8":"product_cat-rukavice","9":"product_tag-fridrich-fridrich","10":"pa_velkost-3051","12":"first","13":"instock","14":"taxable","15":"shipping-taxable","16":"product-type-variable"},"acf":[],"_links":{"self":[{"href":"https:\/\/gajos.sk\/eshop\/wp-json\/wp\/v2\/product\/326340","targetHints":{"allow":["GET"]}}],"collection":[{"href":"https:\/\/gajos.sk\/eshop\/wp-json\/wp\/v2\/product"}],"about":[{"href":"https:\/\/gajos.sk\/eshop\/wp-json\/wp\/v2\/types\/product"}],"wp:featuredmedia":[{"embeddable":true,"href":"https:\/\/gajos.sk\/eshop\/wp-json\/wp\/v2\/media\/326342"}],"wp:attachment":[{"href":"https:\/\/gajos.sk\/eshop\/wp-json\/wp\/v2\/media?parent=326340"}],"wp:term":[{"taxonomy":"product_brand","embeddable":true,"href":"https:\/\/gajos.sk\/eshop\/wp-json\/wp\/v2\/product_brand?post=326340"},{"taxonomy":"product_cat","embeddable":true,"href":"https:\/\/gajos.sk\/eshop\/wp-json\/wp\/v2\/product_cat?post=326340"},{"taxonomy":"product_tag","embeddable":true,"href":"https:\/\/gajos.sk\/eshop\/wp-json\/wp\/v2\/product_tag?post=326340"}],"curies":[{"name":"wp","href":"https:\/\/api.w.org\/{rel}","templated":true}]}}